{"id":1231,"date":"2021-10-27T09:55:22","date_gmt":"2021-10-27T07:55:22","guid":{"rendered":"http:\/\/piranhacut.eu\/?post_type=product&#038;p=1231"},"modified":"2023-06-29T12:20:16","modified_gmt":"2023-06-29T10:20:16","slug":"diamentowa-tarcza-garnkowa-dustx","status":"publish","type":"product","link":"https:\/\/piranhacut.eu\/en\/produkt\/diamentowa-tarcza-garnkowa-dustx\/","title":{"rendered":"Tarcza do szlifowania betonu, tarcza garnkowa DUSTX 125mm"},"content":{"rendered":"<h2><b>Profesjonalna diamentowa tarcza garnkowa do szlifowania betonu \/ pow\u0142ok epoxydowych oraz \u017cywicznych PiranhaCut DUSTX o \u015brednicy 125MM<\/b><\/h2>\n<h3>Cechy tarczy garnkowej PiranhaCut DustX 125MM:<\/h3>\n<ul>\n<li>Kszta\u0142t rdzenia stalowego i segment\u00f3w diamentowych zapewnia najlepsze odprowadzanie py\u0142u.<\/li>\n<li>Wysoka jako\u015b\u0107 i ilo\u015b\u0107 diament\u00f3w w mieszance z kt\u00f3rej wykonane s\u0105 segmenty gwarantuje optymaln\u0105 \u017cywotno\u015b\u0107 i szybk\u0105 prac\u0119,<\/li>\n<li>G\u0142adkie powierzchnie szlifowania dzi\u0119ki zwi\u0119kszonej powierzchni stykowej<\/li>\n<li>Wywa\u017cenie tarczy zapewnia prac\u0119 bez drga\u0144 i chroni \u017cywotno\u015b\u0107 szlifierki.<\/li>\n<li>Zastosowanie do szlifowania grubych warstw betonu, kamienia, a tak\u017ce zdzierania epoxyd\u00f3w i kauczuku.<\/li>\n<li>D\u0142uga \u017cywotno\u015b\u0107 narz\u0119dzia dzi\u0119ki wysokiej jako\u015bci diamentom technicznym.<\/li>\n<li>Szybkie efektywne zdzieranie dzi\u0119ki du\u017cej koncentracji diament\u00f3w.<\/li>\n<li>Segmenty typu L dla efektywniejszego zdzierania pow\u0142ok epoksydowych itp<\/li>\n<li>Tarcza dobrze odprowadza py\u0142 i nie zalepia si\u0119 dzi\u0119ki specjalnym segmentom i otworom w rdzeniu,<\/li>\n<li>Niskie wibracje dzi\u0119ki technologii wywa\u017cania stalowego rdzenia tarczy<\/li>\n<\/ul>\n<h2>Dane techniczne:<\/h2>\n<ul>\n<li>\u015arednica mm 125 mm<\/li>\n<li>\u015arednica otworu mm 22,23 mm<\/li>\n<li>Maks. niewywa\u017cenie g*mm 25.0<\/li>\n<li>Nr katalogowy PCCWD-125<\/li>\n<li>Seria: PROFESJONALNA<\/li>\n<\/ul>\n<p>&nbsp;<\/p>\n<p>&nbsp;<\/p>\n","protected":false},"excerpt":{"rendered":"<p>Profesjonalna diamentowa tarcza garnkowa do szlifowania betonu \/ pow\u0142ok epoxydowych oraz \u017cywicznych PiranhaCut DUSTX o \u015brednicy 125MM Cechy tarczy garnkowej PiranhaCut DustX 125MM: Kszta\u0142t rdzenia stalowego i segment\u00f3w diamentowych zapewnia najlepsze odprowadzanie py\u0142u. Wysoka jako\u015b\u0107 i ilo\u015b\u0107 diament\u00f3w w mieszance z kt\u00f3rej wykonane s\u0105 segmenty gwarantuje optymaln\u0105 \u017cywotno\u015b\u0107 i szybk\u0105 prac\u0119, G\u0142adkie powierzchnie szlifowania dzi\u0119ki [&hellip;]<\/p>\n","protected":false},"featured_media":2846,"comment_status":"closed","ping_status":"closed","template":"","meta":{"_acf_changed":false},"product_brand":[],"product_cat":[300,29,131,500,510],"product_tag":[199,431,438,437,439,436,203],"class_list":{"0":"post-1231","1":"product","2":"type-product","3":"status-publish","4":"has-post-thumbnail","6":"product_cat-grinding-produkte","7":"product_cat-szlifowanie","8":"product_cat-szlifowanie-produkty","9":"product_cat-tarcze-diamentowe","10":"product_cat-tarcze-diamentowe-do-szlifowania","11":"product_tag-diamentowa","12":"product_tag-do-betonu","13":"product_tag-do-epoksydu","14":"product_tag-do-kauczuku","15":"product_tag-do-powlok-bitumin","16":"product_tag-garnkowa","17":"product_tag-tarcza","19":"first","20":"instock","21":"taxable","22":"shipping-taxable","23":"purchasable","24":"product-type-simple"},"acf":[],"yoast_head":"<!-- This site is optimized with the Yoast SEO plugin v27.2 - https:\/\/yoast.com\/product\/yoast-seo-wordpress\/ -->\n<title>Tarcza do szlifowania betonu, tarcza garnkowa DUSTX 125mm - Piranhacut<\/title>\n<meta name=\"description\" content=\"Diamentowa tarcza garnkowa\u00a0 do szlifowania betonu, epoksydu, kauczuku itp.\" \/>\n<meta name=\"robots\" content=\"index, follow, max-snippet:-1, max-image-preview:large, max-video-preview:-1\" \/>\n<link rel=\"canonical\" href=\"https:\/\/piranhacut.eu\/en\/produkt\/diamentowa-tarcza-garnkowa-dustx\/\" \/>\n<meta property=\"og:locale\" content=\"en_US\" \/>\n<meta property=\"og:type\" content=\"article\" \/>\n<meta property=\"og:title\" content=\"Tarcza do szlifowania betonu, tarcza garnkowa DUSTX 125mm - Piranhacut\" \/>\n<meta property=\"og:description\" content=\"Diamentowa tarcza garnkowa\u00a0 do szlifowania betonu, epoksydu, kauczuku itp.\" \/>\n<meta property=\"og:url\" content=\"https:\/\/piranhacut.eu\/en\/produkt\/diamentowa-tarcza-garnkowa-dustx\/\" \/>\n<meta property=\"og:site_name\" content=\"Piranhacut\" \/>\n<meta property=\"article:modified_time\" content=\"2023-06-29T10:20:16+00:00\" \/>\n<meta property=\"og:image\" content=\"https:\/\/piranhacut.eu\/wp-content\/uploads\/2021\/10\/26.jpg\" \/>\n\t<meta property=\"og:image:width\" content=\"940\" \/>\n\t<meta property=\"og:image:height\" content=\"940\" \/>\n\t<meta property=\"og:image:type\" content=\"image\/jpeg\" \/>\n<meta name=\"twitter:card\" content=\"summary_large_image\" \/>\n<meta name=\"twitter:label1\" content=\"Est. reading time\" \/>\n\t<meta name=\"twitter:data1\" content=\"1 minute\" \/>\n<script type=\"application\/ld+json\" class=\"yoast-schema-graph\">{\"@context\":\"https:\/\/schema.org\",\"@graph\":[{\"@type\":\"WebPage\",\"@id\":\"https:\/\/piranhacut.eu\/en\/produkt\/diamentowa-tarcza-garnkowa-dustx\/\",\"url\":\"https:\/\/piranhacut.eu\/en\/produkt\/diamentowa-tarcza-garnkowa-dustx\/\",\"name\":\"Tarcza do szlifowania betonu, tarcza garnkowa DUSTX 125mm - Piranhacut\",\"isPartOf\":{\"@id\":\"https:\/\/piranhacut.eu\/en\/#website\"},\"primaryImageOfPage\":{\"@id\":\"https:\/\/piranhacut.eu\/en\/produkt\/diamentowa-tarcza-garnkowa-dustx\/#primaryimage\"},\"image\":{\"@id\":\"https:\/\/piranhacut.eu\/en\/produkt\/diamentowa-tarcza-garnkowa-dustx\/#primaryimage\"},\"thumbnailUrl\":\"https:\/\/piranhacut.eu\/wp-content\/uploads\/2021\/10\/26.jpg\",\"datePublished\":\"2021-10-27T07:55:22+00:00\",\"dateModified\":\"2023-06-29T10:20:16+00:00\",\"description\":\"Diamentowa tarcza garnkowa\u00a0 do szlifowania betonu, epoksydu, kauczuku itp.\",\"breadcrumb\":{\"@id\":\"https:\/\/piranhacut.eu\/en\/produkt\/diamentowa-tarcza-garnkowa-dustx\/#breadcrumb\"},\"inLanguage\":\"en-US\",\"potentialAction\":[{\"@type\":\"ReadAction\",\"target\":[\"https:\/\/piranhacut.eu\/en\/produkt\/diamentowa-tarcza-garnkowa-dustx\/\"]}]},{\"@type\":\"ImageObject\",\"inLanguage\":\"en-US\",\"@id\":\"https:\/\/piranhacut.eu\/en\/produkt\/diamentowa-tarcza-garnkowa-dustx\/#primaryimage\",\"url\":\"https:\/\/piranhacut.eu\/wp-content\/uploads\/2021\/10\/26.jpg\",\"contentUrl\":\"https:\/\/piranhacut.eu\/wp-content\/uploads\/2021\/10\/26.jpg\",\"width\":940,\"height\":940},{\"@type\":\"BreadcrumbList\",\"@id\":\"https:\/\/piranhacut.eu\/en\/produkt\/diamentowa-tarcza-garnkowa-dustx\/#breadcrumb\",\"itemListElement\":[{\"@type\":\"ListItem\",\"position\":1,\"name\":\"Strona g\u0142\u00f3wna\",\"item\":\"https:\/\/piranhacut.eu\/en\/\"},{\"@type\":\"ListItem\",\"position\":2,\"name\":\"Shop\",\"item\":\"https:\/\/piranhacut.eu\/en\/shop\/\"},{\"@type\":\"ListItem\",\"position\":3,\"name\":\"Tarcza do szlifowania betonu, tarcza garnkowa DUSTX 125mm\"}]},{\"@type\":\"WebSite\",\"@id\":\"https:\/\/piranhacut.eu\/en\/#website\",\"url\":\"https:\/\/piranhacut.eu\/en\/\",\"name\":\"Piranhacut\",\"description\":\"Osprz\u0119t do elektronarz\u0119dzi\",\"publisher\":{\"@id\":\"https:\/\/piranhacut.eu\/en\/#organization\"},\"potentialAction\":[{\"@type\":\"SearchAction\",\"target\":{\"@type\":\"EntryPoint\",\"urlTemplate\":\"https:\/\/piranhacut.eu\/en\/?s={search_term_string}\"},\"query-input\":{\"@type\":\"PropertyValueSpecification\",\"valueRequired\":true,\"valueName\":\"search_term_string\"}}],\"inLanguage\":\"en-US\"},{\"@type\":\"Organization\",\"@id\":\"https:\/\/piranhacut.eu\/en\/#organization\",\"name\":\"Piranhacut\",\"url\":\"https:\/\/piranhacut.eu\/en\/\",\"logo\":{\"@type\":\"ImageObject\",\"inLanguage\":\"en-US\",\"@id\":\"https:\/\/piranhacut.eu\/en\/#\/schema\/logo\/image\/\",\"url\":\"https:\/\/piranhacut.eu\/wp-content\/uploads\/2021\/03\/logo.svg\",\"contentUrl\":\"https:\/\/piranhacut.eu\/wp-content\/uploads\/2021\/03\/logo.svg\",\"width\":317,\"height\":49,\"caption\":\"Piranhacut\"},\"image\":{\"@id\":\"https:\/\/piranhacut.eu\/en\/#\/schema\/logo\/image\/\"}}]}<\/script>\n<!-- \/ Yoast SEO plugin. -->","yoast_head_json":{"title":"Tarcza do szlifowania betonu, tarcza garnkowa DUSTX 125mm - Piranhacut","description":"Diamentowa tarcza garnkowa\u00a0 do szlifowania betonu, epoksydu, kauczuku itp.","robots":{"index":"index","follow":"follow","max-snippet":"max-snippet:-1","max-image-preview":"max-image-preview:large","max-video-preview":"max-video-preview:-1"},"canonical":"https:\/\/piranhacut.eu\/en\/produkt\/diamentowa-tarcza-garnkowa-dustx\/","og_locale":"en_US","og_type":"article","og_title":"Tarcza do szlifowania betonu, tarcza garnkowa DUSTX 125mm - Piranhacut","og_description":"Diamentowa tarcza garnkowa\u00a0 do szlifowania betonu, epoksydu, kauczuku itp.","og_url":"https:\/\/piranhacut.eu\/en\/produkt\/diamentowa-tarcza-garnkowa-dustx\/","og_site_name":"Piranhacut","article_modified_time":"2023-06-29T10:20:16+00:00","og_image":[{"width":940,"height":940,"url":"https:\/\/piranhacut.eu\/wp-content\/uploads\/2021\/10\/26.jpg","type":"image\/jpeg"}],"twitter_card":"summary_large_image","twitter_misc":{"Est. reading time":"1 minute"},"schema":{"@context":"https:\/\/schema.org","@graph":[{"@type":"WebPage","@id":"https:\/\/piranhacut.eu\/en\/produkt\/diamentowa-tarcza-garnkowa-dustx\/","url":"https:\/\/piranhacut.eu\/en\/produkt\/diamentowa-tarcza-garnkowa-dustx\/","name":"Tarcza do szlifowania betonu, tarcza garnkowa DUSTX 125mm - Piranhacut","isPartOf":{"@id":"https:\/\/piranhacut.eu\/en\/#website"},"primaryImageOfPage":{"@id":"https:\/\/piranhacut.eu\/en\/produkt\/diamentowa-tarcza-garnkowa-dustx\/#primaryimage"},"image":{"@id":"https:\/\/piranhacut.eu\/en\/produkt\/diamentowa-tarcza-garnkowa-dustx\/#primaryimage"},"thumbnailUrl":"https:\/\/piranhacut.eu\/wp-content\/uploads\/2021\/10\/26.jpg","datePublished":"2021-10-27T07:55:22+00:00","dateModified":"2023-06-29T10:20:16+00:00","description":"Diamentowa tarcza garnkowa\u00a0 do szlifowania betonu, epoksydu, kauczuku itp.","breadcrumb":{"@id":"https:\/\/piranhacut.eu\/en\/produkt\/diamentowa-tarcza-garnkowa-dustx\/#breadcrumb"},"inLanguage":"en-US","potentialAction":[{"@type":"ReadAction","target":["https:\/\/piranhacut.eu\/en\/produkt\/diamentowa-tarcza-garnkowa-dustx\/"]}]},{"@type":"ImageObject","inLanguage":"en-US","@id":"https:\/\/piranhacut.eu\/en\/produkt\/diamentowa-tarcza-garnkowa-dustx\/#primaryimage","url":"https:\/\/piranhacut.eu\/wp-content\/uploads\/2021\/10\/26.jpg","contentUrl":"https:\/\/piranhacut.eu\/wp-content\/uploads\/2021\/10\/26.jpg","width":940,"height":940},{"@type":"BreadcrumbList","@id":"https:\/\/piranhacut.eu\/en\/produkt\/diamentowa-tarcza-garnkowa-dustx\/#breadcrumb","itemListElement":[{"@type":"ListItem","position":1,"name":"Strona g\u0142\u00f3wna","item":"https:\/\/piranhacut.eu\/en\/"},{"@type":"ListItem","position":2,"name":"Shop","item":"https:\/\/piranhacut.eu\/en\/shop\/"},{"@type":"ListItem","position":3,"name":"Tarcza do szlifowania betonu, tarcza garnkowa DUSTX 125mm"}]},{"@type":"WebSite","@id":"https:\/\/piranhacut.eu\/en\/#website","url":"https:\/\/piranhacut.eu\/en\/","name":"Piranhacut","description":"Osprz\u0119t do elektronarz\u0119dzi","publisher":{"@id":"https:\/\/piranhacut.eu\/en\/#organization"},"potentialAction":[{"@type":"SearchAction","target":{"@type":"EntryPoint","urlTemplate":"https:\/\/piranhacut.eu\/en\/?s={search_term_string}"},"query-input":{"@type":"PropertyValueSpecification","valueRequired":true,"valueName":"search_term_string"}}],"inLanguage":"en-US"},{"@type":"Organization","@id":"https:\/\/piranhacut.eu\/en\/#organization","name":"Piranhacut","url":"https:\/\/piranhacut.eu\/en\/","logo":{"@type":"ImageObject","inLanguage":"en-US","@id":"https:\/\/piranhacut.eu\/en\/#\/schema\/logo\/image\/","url":"https:\/\/piranhacut.eu\/wp-content\/uploads\/2021\/03\/logo.svg","contentUrl":"https:\/\/piranhacut.eu\/wp-content\/uploads\/2021\/03\/logo.svg","width":317,"height":49,"caption":"Piranhacut"},"image":{"@id":"https:\/\/piranhacut.eu\/en\/#\/schema\/logo\/image\/"}}]}},"_links":{"self":[{"href":"https:\/\/piranhacut.eu\/en\/wp-json\/wp\/v2\/product\/1231","targetHints":{"allow":["GET"]}}],"collection":[{"href":"https:\/\/piranhacut.eu\/en\/wp-json\/wp\/v2\/product"}],"about":[{"href":"https:\/\/piranhacut.eu\/en\/wp-json\/wp\/v2\/types\/product"}],"replies":[{"embeddable":true,"href":"https:\/\/piranhacut.eu\/en\/wp-json\/wp\/v2\/comments?post=1231"}],"version-history":[{"count":1,"href":"https:\/\/piranhacut.eu\/en\/wp-json\/wp\/v2\/product\/1231\/revisions"}],"predecessor-version":[{"id":2900,"href":"https:\/\/piranhacut.eu\/en\/wp-json\/wp\/v2\/product\/1231\/revisions\/2900"}],"wp:featuredmedia":[{"embeddable":true,"href":"https:\/\/piranhacut.eu\/en\/wp-json\/wp\/v2\/media\/2846"}],"wp:attachment":[{"href":"https:\/\/piranhacut.eu\/en\/wp-json\/wp\/v2\/media?parent=1231"}],"wp:term":[{"taxonomy":"product_brand","embeddable":true,"href":"https:\/\/piranhacut.eu\/en\/wp-json\/wp\/v2\/product_brand?post=1231"},{"taxonomy":"product_cat","embeddable":true,"href":"https:\/\/piranhacut.eu\/en\/wp-json\/wp\/v2\/product_cat?post=1231"},{"taxonomy":"product_tag","embeddable":true,"href":"https:\/\/piranhacut.eu\/en\/wp-json\/wp\/v2\/product_tag?post=1231"}],"curies":[{"name":"wp","href":"https:\/\/api.w.org\/{rel}","templated":true}]}}