{"id":1425,"date":"2021-10-28T08:14:35","date_gmt":"2021-10-28T06:14:35","guid":{"rendered":"http:\/\/piranhacut.eu\/?post_type=product&#038;p=1425"},"modified":"2023-08-29T16:31:26","modified_gmt":"2023-08-29T14:31:26","slug":"nasadki-magnetyczne-do-wkretarki-1-4-l45mm","status":"publish","type":"product","link":"https:\/\/piranhacut.eu\/en\/produkt\/nasadki-magnetyczne-do-wkretarki-1-4-l45mm\/","title":{"rendered":"Nasadki magnetyczne do wkr\u0119tarki 1\/4&#8243; L=45MM"},"content":{"rendered":"<p><span style=\"font-size: 12pt;\">Nasadki magnetyczne do wkr\u0119tarki 1\/4&#8243; do wkr\u0119t\u00f3w z \u0142bem sze\u015bciok\u0105tnym tzw. farmer\u00f3w.<\/span><\/p>\n<div class=\"o-product-tab-content o-product-tab-content--default\">\n<div class=\"m-columlist a-spacing-pb--none\">\n<div class=\"column\"><\/div>\n<\/div>\n<\/div>\n<p>&nbsp;<\/p>\n<p><span style=\"font-size: 12pt;\">Charakterystyka:\u00a0<\/span><\/p>\n<ul>\n<li>Nasadka magnetyczna do wkr\u0119t\u00f3w z \u0142bem sze\u015bciok\u0105tnym<\/li>\n<li><span class=\"def\">Wyj\u0105tkowo trwa\u0142a ko\u0144c\u00f3wka magnetyczna dla wygody i bezpiecze\u0144stwa.<\/span><\/li>\n<li>Silny magnes neodymowy mocno trzyma wkr\u0119ty u\u0142atwiaj\u0105c prace.<\/li>\n<li>Precyzyjne wykonane<\/li>\n<li>Przystosowane do pracy z wkr\u0119tarkami z udarem stycznym.<\/li>\n<li><span style=\"font-size: 12pt;\">Solidnie, precyzyjnie wykonane z opracowanej oraz odpowiednio hartowanej stali narz\u0119dziowej o zwi\u0119kszonej wytrzyma\u0142o\u015bci na uderzenia. &#8211; maksymalna wytrzyma\u0142o\u015b\u0107, i wyj\u0105tkowa trwa\u0142o\u015b\u0107, \u00a0<\/span><\/li>\n<li>Znakowanie produktu t\u0142oczone logo PIRANHACUT &#8211; gwarancja wysokiej jako\u015bci produktu,<\/li>\n<li><span style=\"font-size: 12pt;\">Oznaczenie kolorami dla lepszej identyfikacji i wygody podczas pracy 7mm &#8211; pomara\u0144czowy; 8mm &#8211; \u017c\u00f3\u0142ty, 10mm &#8211; niebieski, 13mm &#8211; czarny,<\/span><\/li>\n<li>Do przemys\u0142owego kr\u0119cenia z udarem polecamy wy\u017cszy model\u00a0 udarowe nasadki magnetyczne 50MM PRO IMPACT,<\/li>\n<li><span class=\"def\">Kluczyk magnetyczny przystosowany do wkr\u0119cania z udarem i wysokim momentem obrotowym.<\/span><\/li>\n<li><span style=\"font-size: 12pt;\">Opatentowany \u201dp\u0142ywaj\u0105cy magnes\u201d w wersji PRO IMPACT 50mm,<\/span><br \/>\n<span style=\"font-size: 12pt;\">&#8211; spr\u0119\u017cynka na kt\u00f3rej zamocowany jest magnes cofa si\u0119 podczas wkr\u0119cania z udarem &#8211; zmniejsza do minimum ryzyko uszkodzenia i wypadni\u0119cia magnesu.<\/span><\/li>\n<\/ul>\n<p>&nbsp;<\/p>\n<p>Dane techniczne:<\/p>\n<ul style=\"list-style-type: circle;\">\n<li>Nasadka sze\u015bciok\u0105tna dost\u0119pna w 4 rozmiarach: 7mm, 8mm, 10mm, 13mm,<\/li>\n<li>D\u0142ugo\u015b\u0107 ca\u0142kowita 45mm,<\/li>\n<li>G\u0142\u0119boko\u015b\u0107 gniazda nasadki 3mm,<\/li>\n<li>Uchwyt: sze\u015bciok\u0105tny klucz imbusowy \u00bc\u02dd (DIN 3126 &#8211; E 6.3),<\/li>\n<li>Materia\u0142: uszlachetniona stal narz\u0119dziowa,<\/li>\n<\/ul>\n","protected":false},"excerpt":{"rendered":"<p>&nbsp;<\/p>\n<p>&nbsp;<\/p>\n<p>&nbsp;<\/p>\n","protected":false},"featured_media":3183,"comment_status":"open","ping_status":"closed","template":"","meta":{"_acf_changed":false},"product_brand":[],"product_cat":[23,537,550,549,133,94,28,43],"product_tag":[497,407,498],"class_list":{"0":"post-1425","1":"product","2":"type-product","3":"status-publish","4":"has-post-thumbnail","6":"product_cat-bestsellery","7":"product_cat-bity-do-wkretarek","8":"product_cat-nasadki-magnetyczne","9":"product_cat-nasadki-magnetyczne-do-wkretarki","10":"product_cat-schrauben","11":"product_cat-screwing","12":"product_cat-wkrecanie","13":"product_cat-wkrecanie-produkty","14":"product_tag-farmerow","15":"product_tag-nasadka-magnetyczna","16":"product_tag-wkretarki","18":"first","19":"instock","20":"sale","21":"taxable","22":"shipping-taxable","23":"purchasable","24":"product-type-variable"},"acf":[],"yoast_head":"<!-- This site is optimized with the Yoast SEO plugin v27.2 - https:\/\/yoast.com\/product\/yoast-seo-wordpress\/ -->\n<title>Nasadki magnetyczne do wkr\u0119tarki 1\/4&quot; L=45MM - Piranhacut<\/title>\n<meta name=\"description\" content=\"Neodymowa nasadka magnetyczna do wkr\u0119cania \u015brub z \u0142bem sze\u015bciok\u0105tnym.\" \/>\n<meta name=\"robots\" content=\"index, follow, max-snippet:-1, max-image-preview:large, max-video-preview:-1\" \/>\n<link rel=\"canonical\" href=\"https:\/\/piranhacut.eu\/en\/produkt\/nasadki-magnetyczne-do-wkretarki-1-4-l45mm\/\" \/>\n<meta property=\"og:locale\" content=\"en_US\" \/>\n<meta property=\"og:type\" content=\"article\" \/>\n<meta property=\"og:title\" content=\"Nasadki magnetyczne do wkr\u0119tarki 1\/4&quot; L=45MM - Piranhacut\" \/>\n<meta property=\"og:description\" content=\"Neodymowa nasadka magnetyczna do wkr\u0119cania \u015brub z \u0142bem sze\u015bciok\u0105tnym.\" \/>\n<meta property=\"og:url\" content=\"https:\/\/piranhacut.eu\/en\/produkt\/nasadki-magnetyczne-do-wkretarki-1-4-l45mm\/\" \/>\n<meta property=\"og:site_name\" content=\"Piranhacut\" \/>\n<meta property=\"article:modified_time\" content=\"2023-08-29T14:31:26+00:00\" \/>\n<meta property=\"og:image\" content=\"https:\/\/piranhacut.eu\/wp-content\/uploads\/2021\/10\/36-2.jpg\" \/>\n\t<meta property=\"og:image:width\" content=\"1175\" \/>\n\t<meta property=\"og:image:height\" content=\"1175\" \/>\n\t<meta property=\"og:image:type\" content=\"image\/jpeg\" \/>\n<meta name=\"twitter:card\" content=\"summary_large_image\" \/>\n<meta name=\"twitter:label1\" content=\"Est. reading time\" \/>\n\t<meta name=\"twitter:data1\" content=\"2 minutes\" \/>\n<script type=\"application\/ld+json\" class=\"yoast-schema-graph\">{\"@context\":\"https:\/\/schema.org\",\"@graph\":[{\"@type\":\"WebPage\",\"@id\":\"https:\/\/piranhacut.eu\/en\/produkt\/nasadki-magnetyczne-do-wkretarki-1-4-l45mm\/\",\"url\":\"https:\/\/piranhacut.eu\/en\/produkt\/nasadki-magnetyczne-do-wkretarki-1-4-l45mm\/\",\"name\":\"Nasadki magnetyczne do wkr\u0119tarki 1\/4\\\" L=45MM - Piranhacut\",\"isPartOf\":{\"@id\":\"https:\/\/piranhacut.eu\/en\/#website\"},\"primaryImageOfPage\":{\"@id\":\"https:\/\/piranhacut.eu\/en\/produkt\/nasadki-magnetyczne-do-wkretarki-1-4-l45mm\/#primaryimage\"},\"image\":{\"@id\":\"https:\/\/piranhacut.eu\/en\/produkt\/nasadki-magnetyczne-do-wkretarki-1-4-l45mm\/#primaryimage\"},\"thumbnailUrl\":\"https:\/\/piranhacut.eu\/wp-content\/uploads\/2021\/10\/36-2.jpg\",\"datePublished\":\"2021-10-28T06:14:35+00:00\",\"dateModified\":\"2023-08-29T14:31:26+00:00\",\"description\":\"Neodymowa nasadka magnetyczna do wkr\u0119cania \u015brub z \u0142bem sze\u015bciok\u0105tnym.\",\"breadcrumb\":{\"@id\":\"https:\/\/piranhacut.eu\/en\/produkt\/nasadki-magnetyczne-do-wkretarki-1-4-l45mm\/#breadcrumb\"},\"inLanguage\":\"en-US\",\"potentialAction\":[{\"@type\":\"ReadAction\",\"target\":[\"https:\/\/piranhacut.eu\/en\/produkt\/nasadki-magnetyczne-do-wkretarki-1-4-l45mm\/\"]}]},{\"@type\":\"ImageObject\",\"inLanguage\":\"en-US\",\"@id\":\"https:\/\/piranhacut.eu\/en\/produkt\/nasadki-magnetyczne-do-wkretarki-1-4-l45mm\/#primaryimage\",\"url\":\"https:\/\/piranhacut.eu\/wp-content\/uploads\/2021\/10\/36-2.jpg\",\"contentUrl\":\"https:\/\/piranhacut.eu\/wp-content\/uploads\/2021\/10\/36-2.jpg\",\"width\":1175,\"height\":1175},{\"@type\":\"BreadcrumbList\",\"@id\":\"https:\/\/piranhacut.eu\/en\/produkt\/nasadki-magnetyczne-do-wkretarki-1-4-l45mm\/#breadcrumb\",\"itemListElement\":[{\"@type\":\"ListItem\",\"position\":1,\"name\":\"Strona g\u0142\u00f3wna\",\"item\":\"https:\/\/piranhacut.eu\/en\/\"},{\"@type\":\"ListItem\",\"position\":2,\"name\":\"Shop\",\"item\":\"https:\/\/piranhacut.eu\/en\/shop\/\"},{\"@type\":\"ListItem\",\"position\":3,\"name\":\"Nasadki magnetyczne do wkr\u0119tarki 1\/4&#8243; L=45MM\"}]},{\"@type\":\"WebSite\",\"@id\":\"https:\/\/piranhacut.eu\/en\/#website\",\"url\":\"https:\/\/piranhacut.eu\/en\/\",\"name\":\"Piranhacut\",\"description\":\"Osprz\u0119t do elektronarz\u0119dzi\",\"publisher\":{\"@id\":\"https:\/\/piranhacut.eu\/en\/#organization\"},\"potentialAction\":[{\"@type\":\"SearchAction\",\"target\":{\"@type\":\"EntryPoint\",\"urlTemplate\":\"https:\/\/piranhacut.eu\/en\/?s={search_term_string}\"},\"query-input\":{\"@type\":\"PropertyValueSpecification\",\"valueRequired\":true,\"valueName\":\"search_term_string\"}}],\"inLanguage\":\"en-US\"},{\"@type\":\"Organization\",\"@id\":\"https:\/\/piranhacut.eu\/en\/#organization\",\"name\":\"Piranhacut\",\"url\":\"https:\/\/piranhacut.eu\/en\/\",\"logo\":{\"@type\":\"ImageObject\",\"inLanguage\":\"en-US\",\"@id\":\"https:\/\/piranhacut.eu\/en\/#\/schema\/logo\/image\/\",\"url\":\"https:\/\/piranhacut.eu\/wp-content\/uploads\/2021\/03\/logo.svg\",\"contentUrl\":\"https:\/\/piranhacut.eu\/wp-content\/uploads\/2021\/03\/logo.svg\",\"width\":317,\"height\":49,\"caption\":\"Piranhacut\"},\"image\":{\"@id\":\"https:\/\/piranhacut.eu\/en\/#\/schema\/logo\/image\/\"}}]}<\/script>\n<!-- \/ Yoast SEO plugin. -->","yoast_head_json":{"title":"Nasadki magnetyczne do wkr\u0119tarki 1\/4\" L=45MM - Piranhacut","description":"Neodymowa nasadka magnetyczna do wkr\u0119cania \u015brub z \u0142bem sze\u015bciok\u0105tnym.","robots":{"index":"index","follow":"follow","max-snippet":"max-snippet:-1","max-image-preview":"max-image-preview:large","max-video-preview":"max-video-preview:-1"},"canonical":"https:\/\/piranhacut.eu\/en\/produkt\/nasadki-magnetyczne-do-wkretarki-1-4-l45mm\/","og_locale":"en_US","og_type":"article","og_title":"Nasadki magnetyczne do wkr\u0119tarki 1\/4\" L=45MM - Piranhacut","og_description":"Neodymowa nasadka magnetyczna do wkr\u0119cania \u015brub z \u0142bem sze\u015bciok\u0105tnym.","og_url":"https:\/\/piranhacut.eu\/en\/produkt\/nasadki-magnetyczne-do-wkretarki-1-4-l45mm\/","og_site_name":"Piranhacut","article_modified_time":"2023-08-29T14:31:26+00:00","og_image":[{"width":1175,"height":1175,"url":"https:\/\/piranhacut.eu\/wp-content\/uploads\/2021\/10\/36-2.jpg","type":"image\/jpeg"}],"twitter_card":"summary_large_image","twitter_misc":{"Est. reading time":"2 minutes"},"schema":{"@context":"https:\/\/schema.org","@graph":[{"@type":"WebPage","@id":"https:\/\/piranhacut.eu\/en\/produkt\/nasadki-magnetyczne-do-wkretarki-1-4-l45mm\/","url":"https:\/\/piranhacut.eu\/en\/produkt\/nasadki-magnetyczne-do-wkretarki-1-4-l45mm\/","name":"Nasadki magnetyczne do wkr\u0119tarki 1\/4\" L=45MM - Piranhacut","isPartOf":{"@id":"https:\/\/piranhacut.eu\/en\/#website"},"primaryImageOfPage":{"@id":"https:\/\/piranhacut.eu\/en\/produkt\/nasadki-magnetyczne-do-wkretarki-1-4-l45mm\/#primaryimage"},"image":{"@id":"https:\/\/piranhacut.eu\/en\/produkt\/nasadki-magnetyczne-do-wkretarki-1-4-l45mm\/#primaryimage"},"thumbnailUrl":"https:\/\/piranhacut.eu\/wp-content\/uploads\/2021\/10\/36-2.jpg","datePublished":"2021-10-28T06:14:35+00:00","dateModified":"2023-08-29T14:31:26+00:00","description":"Neodymowa nasadka magnetyczna do wkr\u0119cania \u015brub z \u0142bem sze\u015bciok\u0105tnym.","breadcrumb":{"@id":"https:\/\/piranhacut.eu\/en\/produkt\/nasadki-magnetyczne-do-wkretarki-1-4-l45mm\/#breadcrumb"},"inLanguage":"en-US","potentialAction":[{"@type":"ReadAction","target":["https:\/\/piranhacut.eu\/en\/produkt\/nasadki-magnetyczne-do-wkretarki-1-4-l45mm\/"]}]},{"@type":"ImageObject","inLanguage":"en-US","@id":"https:\/\/piranhacut.eu\/en\/produkt\/nasadki-magnetyczne-do-wkretarki-1-4-l45mm\/#primaryimage","url":"https:\/\/piranhacut.eu\/wp-content\/uploads\/2021\/10\/36-2.jpg","contentUrl":"https:\/\/piranhacut.eu\/wp-content\/uploads\/2021\/10\/36-2.jpg","width":1175,"height":1175},{"@type":"BreadcrumbList","@id":"https:\/\/piranhacut.eu\/en\/produkt\/nasadki-magnetyczne-do-wkretarki-1-4-l45mm\/#breadcrumb","itemListElement":[{"@type":"ListItem","position":1,"name":"Strona g\u0142\u00f3wna","item":"https:\/\/piranhacut.eu\/en\/"},{"@type":"ListItem","position":2,"name":"Shop","item":"https:\/\/piranhacut.eu\/en\/shop\/"},{"@type":"ListItem","position":3,"name":"Nasadki magnetyczne do wkr\u0119tarki 1\/4&#8243; L=45MM"}]},{"@type":"WebSite","@id":"https:\/\/piranhacut.eu\/en\/#website","url":"https:\/\/piranhacut.eu\/en\/","name":"Piranhacut","description":"Osprz\u0119t do elektronarz\u0119dzi","publisher":{"@id":"https:\/\/piranhacut.eu\/en\/#organization"},"potentialAction":[{"@type":"SearchAction","target":{"@type":"EntryPoint","urlTemplate":"https:\/\/piranhacut.eu\/en\/?s={search_term_string}"},"query-input":{"@type":"PropertyValueSpecification","valueRequired":true,"valueName":"search_term_string"}}],"inLanguage":"en-US"},{"@type":"Organization","@id":"https:\/\/piranhacut.eu\/en\/#organization","name":"Piranhacut","url":"https:\/\/piranhacut.eu\/en\/","logo":{"@type":"ImageObject","inLanguage":"en-US","@id":"https:\/\/piranhacut.eu\/en\/#\/schema\/logo\/image\/","url":"https:\/\/piranhacut.eu\/wp-content\/uploads\/2021\/03\/logo.svg","contentUrl":"https:\/\/piranhacut.eu\/wp-content\/uploads\/2021\/03\/logo.svg","width":317,"height":49,"caption":"Piranhacut"},"image":{"@id":"https:\/\/piranhacut.eu\/en\/#\/schema\/logo\/image\/"}}]}},"_links":{"self":[{"href":"https:\/\/piranhacut.eu\/en\/wp-json\/wp\/v2\/product\/1425","targetHints":{"allow":["GET"]}}],"collection":[{"href":"https:\/\/piranhacut.eu\/en\/wp-json\/wp\/v2\/product"}],"about":[{"href":"https:\/\/piranhacut.eu\/en\/wp-json\/wp\/v2\/types\/product"}],"replies":[{"embeddable":true,"href":"https:\/\/piranhacut.eu\/en\/wp-json\/wp\/v2\/comments?post=1425"}],"version-history":[{"count":4,"href":"https:\/\/piranhacut.eu\/en\/wp-json\/wp\/v2\/product\/1425\/revisions"}],"predecessor-version":[{"id":3790,"href":"https:\/\/piranhacut.eu\/en\/wp-json\/wp\/v2\/product\/1425\/revisions\/3790"}],"wp:featuredmedia":[{"embeddable":true,"href":"https:\/\/piranhacut.eu\/en\/wp-json\/wp\/v2\/media\/3183"}],"wp:attachment":[{"href":"https:\/\/piranhacut.eu\/en\/wp-json\/wp\/v2\/media?parent=1425"}],"wp:term":[{"taxonomy":"product_brand","embeddable":true,"href":"https:\/\/piranhacut.eu\/en\/wp-json\/wp\/v2\/product_brand?post=1425"},{"taxonomy":"product_cat","embeddable":true,"href":"https:\/\/piranhacut.eu\/en\/wp-json\/wp\/v2\/product_cat?post=1425"},{"taxonomy":"product_tag","embeddable":true,"href":"https:\/\/piranhacut.eu\/en\/wp-json\/wp\/v2\/product_tag?post=1425"}],"curies":[{"name":"wp","href":"https:\/\/api.w.org\/{rel}","templated":true}]}}