{"id":2901,"date":"2023-03-26T19:44:55","date_gmt":"2023-03-26T17:44:55","guid":{"rendered":"https:\/\/piranhacut.eu\/?post_type=product&#038;p=2901"},"modified":"2023-04-19T06:19:13","modified_gmt":"2023-04-19T04:19:13","slug":"frez-stozek-diamentowy-do-gresu-plytek-35mm","status":"publish","type":"product","link":"https:\/\/piranhacut.eu\/en\/produkt\/frez-stozek-diamentowy-do-gresu-plytek-35mm\/","title":{"rendered":"Frez sto\u017cek diamentowy do gresu, p\u0142ytek 35-50mm"},"content":{"rendered":"<p><strong>FREZ STO\u017bEK DIAMENTOWY DO POWI\u0118KSZANIA OTWOR\u00d3W W GRESIE, P\u0141YTKACH PIRANHACUT<\/strong><\/p>\n<p><b>OPIS<\/b><\/p>\n<ul>\n<li>Rozmiar: <strong>35-50mm\u00a0<\/strong><\/li>\n<li>Frez przeznaczony do powi\u0119kszania otwor\u00f3w, fazowania, szlifowania w materia\u0142ach ceramicznych, p\u0142ytkach, gresie, spiekach kwarcowych<\/li>\n<li>Frez przeznaczony do pracy ze szlifierkami k\u0105towym, mocowanie gwint M14<\/li>\n<li>Wysokiej jako\u015bci mieszanka diament\u00f3w syntetycznych zapewnia efektown\u0105 i wysok\u0105 wydajno\u015b\u0107 u\u017cytkowania<\/li>\n<\/ul>\n<p>&nbsp;<\/p>\n<p><strong>PRODUKTY MARKI PIRANHACUT STANOWI\u0104 NAJLEPSZY WYB\u00d3R PODCZAS NAJBARDZIEJ WYMAGAJ\u0104CYCH PRAC<\/strong><\/p>\n","protected":false},"excerpt":{"rendered":"<p>FREZ STO\u017bEK DIAMENTOWY DO POWI\u0118KSZANIA OTWOR\u00d3W W GRESIE, P\u0141YTKACH PIRANHACUT OPIS Rozmiar: 35-50mm\u00a0 Frez przeznaczony do powi\u0119kszania otwor\u00f3w, fazowania, szlifowania w materia\u0142ach ceramicznych, p\u0142ytkach, gresie, spiekach kwarcowych Frez przeznaczony do pracy ze szlifierkami k\u0105towym, mocowanie gwint M14 Wysokiej jako\u015bci mieszanka diament\u00f3w syntetycznych zapewnia efektown\u0105 i wysok\u0105 wydajno\u015b\u0107 u\u017cytkowania &nbsp; PRODUKTY MARKI PIRANHACUT STANOWI\u0104 NAJLEPSZY WYB\u00d3R [&hellip;]<\/p>\n","protected":false},"featured_media":2862,"comment_status":"closed","ping_status":"closed","template":"","meta":{"_acf_changed":false},"product_brand":[],"product_cat":[166,523,79,522,513,29,131,527,532],"product_tag":[],"class_list":{"0":"post-2901","1":"product","2":"type-product","3":"status-publish","4":"has-post-thumbnail","6":"product_cat-ciecie-produkty","7":"product_cat-diamentowe-frezy-stozkowe","8":"product_cat-frezowanie-produkty","9":"product_cat-frezy-diamentowe","10":"product_cat-otwornice-diamentowe-do-gresu","11":"product_cat-szlifowanie","12":"product_cat-szlifowanie-produkty","13":"product_cat-wiertla","14":"product_cat-wiertla-diamentowe-do-gresu","16":"first","17":"instock","18":"taxable","19":"shipping-taxable","20":"purchasable","21":"product-type-simple"},"acf":[],"yoast_head":"<!-- This site is optimized with the Yoast SEO plugin v27.2 - https:\/\/yoast.com\/product\/yoast-seo-wordpress\/ -->\n<title>Frez diamentowy sto\u017ckowy M14 35-50mm PIRANHACUT<\/title>\n<meta name=\"description\" content=\"Frez diamentowy - sto\u017cek diamentowy do gresu, p\u0142ytek, ceramiki 35-50mm do powi\u0119kszania otwor\u00f3w pod dowolny wymiar\" \/>\n<meta name=\"robots\" content=\"index, follow, max-snippet:-1, max-image-preview:large, max-video-preview:-1\" \/>\n<link rel=\"canonical\" href=\"https:\/\/piranhacut.eu\/en\/produkt\/frez-stozek-diamentowy-do-gresu-plytek-35mm\/\" \/>\n<meta property=\"og:locale\" content=\"en_US\" \/>\n<meta property=\"og:type\" content=\"article\" \/>\n<meta property=\"og:title\" content=\"Frez diamentowy sto\u017ckowy M14 35-50mm PIRANHACUT\" \/>\n<meta property=\"og:description\" content=\"Frez diamentowy - sto\u017cek diamentowy do gresu, p\u0142ytek, ceramiki 35-50mm do powi\u0119kszania otwor\u00f3w pod dowolny wymiar\" \/>\n<meta property=\"og:url\" content=\"https:\/\/piranhacut.eu\/en\/produkt\/frez-stozek-diamentowy-do-gresu-plytek-35mm\/\" \/>\n<meta property=\"og:site_name\" content=\"Piranhacut\" \/>\n<meta property=\"article:modified_time\" content=\"2023-04-19T04:19:13+00:00\" \/>\n<meta property=\"og:image\" content=\"https:\/\/piranhacut.eu\/wp-content\/uploads\/2021\/10\/36.jpg\" \/>\n\t<meta property=\"og:image:width\" content=\"940\" \/>\n\t<meta property=\"og:image:height\" content=\"940\" \/>\n\t<meta property=\"og:image:type\" content=\"image\/jpeg\" \/>\n<meta name=\"twitter:card\" content=\"summary_large_image\" \/>\n<meta name=\"twitter:label1\" content=\"Est. reading time\" \/>\n\t<meta name=\"twitter:data1\" content=\"1 minute\" \/>\n<script type=\"application\/ld+json\" class=\"yoast-schema-graph\">{\"@context\":\"https:\/\/schema.org\",\"@graph\":[{\"@type\":\"WebPage\",\"@id\":\"https:\/\/piranhacut.eu\/en\/produkt\/frez-stozek-diamentowy-do-gresu-plytek-35mm\/\",\"url\":\"https:\/\/piranhacut.eu\/en\/produkt\/frez-stozek-diamentowy-do-gresu-plytek-35mm\/\",\"name\":\"Frez diamentowy sto\u017ckowy M14 35-50mm PIRANHACUT\",\"isPartOf\":{\"@id\":\"https:\/\/piranhacut.eu\/en\/#website\"},\"primaryImageOfPage\":{\"@id\":\"https:\/\/piranhacut.eu\/en\/produkt\/frez-stozek-diamentowy-do-gresu-plytek-35mm\/#primaryimage\"},\"image\":{\"@id\":\"https:\/\/piranhacut.eu\/en\/produkt\/frez-stozek-diamentowy-do-gresu-plytek-35mm\/#primaryimage\"},\"thumbnailUrl\":\"https:\/\/piranhacut.eu\/wp-content\/uploads\/2021\/10\/36.jpg\",\"datePublished\":\"2023-03-26T17:44:55+00:00\",\"dateModified\":\"2023-04-19T04:19:13+00:00\",\"description\":\"Frez diamentowy - sto\u017cek diamentowy do gresu, p\u0142ytek, ceramiki 35-50mm do powi\u0119kszania otwor\u00f3w pod dowolny wymiar\",\"breadcrumb\":{\"@id\":\"https:\/\/piranhacut.eu\/en\/produkt\/frez-stozek-diamentowy-do-gresu-plytek-35mm\/#breadcrumb\"},\"inLanguage\":\"en-US\",\"potentialAction\":[{\"@type\":\"ReadAction\",\"target\":[\"https:\/\/piranhacut.eu\/en\/produkt\/frez-stozek-diamentowy-do-gresu-plytek-35mm\/\"]}]},{\"@type\":\"ImageObject\",\"inLanguage\":\"en-US\",\"@id\":\"https:\/\/piranhacut.eu\/en\/produkt\/frez-stozek-diamentowy-do-gresu-plytek-35mm\/#primaryimage\",\"url\":\"https:\/\/piranhacut.eu\/wp-content\/uploads\/2021\/10\/36.jpg\",\"contentUrl\":\"https:\/\/piranhacut.eu\/wp-content\/uploads\/2021\/10\/36.jpg\",\"width\":940,\"height\":940},{\"@type\":\"BreadcrumbList\",\"@id\":\"https:\/\/piranhacut.eu\/en\/produkt\/frez-stozek-diamentowy-do-gresu-plytek-35mm\/#breadcrumb\",\"itemListElement\":[{\"@type\":\"ListItem\",\"position\":1,\"name\":\"Strona g\u0142\u00f3wna\",\"item\":\"https:\/\/piranhacut.eu\/en\/\"},{\"@type\":\"ListItem\",\"position\":2,\"name\":\"Shop\",\"item\":\"https:\/\/piranhacut.eu\/en\/shop\/\"},{\"@type\":\"ListItem\",\"position\":3,\"name\":\"Frez sto\u017cek diamentowy do gresu, p\u0142ytek 35-50mm\"}]},{\"@type\":\"WebSite\",\"@id\":\"https:\/\/piranhacut.eu\/en\/#website\",\"url\":\"https:\/\/piranhacut.eu\/en\/\",\"name\":\"Piranhacut\",\"description\":\"Osprz\u0119t do elektronarz\u0119dzi\",\"publisher\":{\"@id\":\"https:\/\/piranhacut.eu\/en\/#organization\"},\"potentialAction\":[{\"@type\":\"SearchAction\",\"target\":{\"@type\":\"EntryPoint\",\"urlTemplate\":\"https:\/\/piranhacut.eu\/en\/?s={search_term_string}\"},\"query-input\":{\"@type\":\"PropertyValueSpecification\",\"valueRequired\":true,\"valueName\":\"search_term_string\"}}],\"inLanguage\":\"en-US\"},{\"@type\":\"Organization\",\"@id\":\"https:\/\/piranhacut.eu\/en\/#organization\",\"name\":\"Piranhacut\",\"url\":\"https:\/\/piranhacut.eu\/en\/\",\"logo\":{\"@type\":\"ImageObject\",\"inLanguage\":\"en-US\",\"@id\":\"https:\/\/piranhacut.eu\/en\/#\/schema\/logo\/image\/\",\"url\":\"https:\/\/piranhacut.eu\/wp-content\/uploads\/2021\/03\/logo.svg\",\"contentUrl\":\"https:\/\/piranhacut.eu\/wp-content\/uploads\/2021\/03\/logo.svg\",\"width\":317,\"height\":49,\"caption\":\"Piranhacut\"},\"image\":{\"@id\":\"https:\/\/piranhacut.eu\/en\/#\/schema\/logo\/image\/\"}}]}<\/script>\n<!-- \/ Yoast SEO plugin. -->","yoast_head_json":{"title":"Frez diamentowy sto\u017ckowy M14 35-50mm PIRANHACUT","description":"Frez diamentowy - sto\u017cek diamentowy do gresu, p\u0142ytek, ceramiki 35-50mm do powi\u0119kszania otwor\u00f3w pod dowolny wymiar","robots":{"index":"index","follow":"follow","max-snippet":"max-snippet:-1","max-image-preview":"max-image-preview:large","max-video-preview":"max-video-preview:-1"},"canonical":"https:\/\/piranhacut.eu\/en\/produkt\/frez-stozek-diamentowy-do-gresu-plytek-35mm\/","og_locale":"en_US","og_type":"article","og_title":"Frez diamentowy sto\u017ckowy M14 35-50mm PIRANHACUT","og_description":"Frez diamentowy - sto\u017cek diamentowy do gresu, p\u0142ytek, ceramiki 35-50mm do powi\u0119kszania otwor\u00f3w pod dowolny wymiar","og_url":"https:\/\/piranhacut.eu\/en\/produkt\/frez-stozek-diamentowy-do-gresu-plytek-35mm\/","og_site_name":"Piranhacut","article_modified_time":"2023-04-19T04:19:13+00:00","og_image":[{"width":940,"height":940,"url":"https:\/\/piranhacut.eu\/wp-content\/uploads\/2021\/10\/36.jpg","type":"image\/jpeg"}],"twitter_card":"summary_large_image","twitter_misc":{"Est. reading time":"1 minute"},"schema":{"@context":"https:\/\/schema.org","@graph":[{"@type":"WebPage","@id":"https:\/\/piranhacut.eu\/en\/produkt\/frez-stozek-diamentowy-do-gresu-plytek-35mm\/","url":"https:\/\/piranhacut.eu\/en\/produkt\/frez-stozek-diamentowy-do-gresu-plytek-35mm\/","name":"Frez diamentowy sto\u017ckowy M14 35-50mm PIRANHACUT","isPartOf":{"@id":"https:\/\/piranhacut.eu\/en\/#website"},"primaryImageOfPage":{"@id":"https:\/\/piranhacut.eu\/en\/produkt\/frez-stozek-diamentowy-do-gresu-plytek-35mm\/#primaryimage"},"image":{"@id":"https:\/\/piranhacut.eu\/en\/produkt\/frez-stozek-diamentowy-do-gresu-plytek-35mm\/#primaryimage"},"thumbnailUrl":"https:\/\/piranhacut.eu\/wp-content\/uploads\/2021\/10\/36.jpg","datePublished":"2023-03-26T17:44:55+00:00","dateModified":"2023-04-19T04:19:13+00:00","description":"Frez diamentowy - sto\u017cek diamentowy do gresu, p\u0142ytek, ceramiki 35-50mm do powi\u0119kszania otwor\u00f3w pod dowolny wymiar","breadcrumb":{"@id":"https:\/\/piranhacut.eu\/en\/produkt\/frez-stozek-diamentowy-do-gresu-plytek-35mm\/#breadcrumb"},"inLanguage":"en-US","potentialAction":[{"@type":"ReadAction","target":["https:\/\/piranhacut.eu\/en\/produkt\/frez-stozek-diamentowy-do-gresu-plytek-35mm\/"]}]},{"@type":"ImageObject","inLanguage":"en-US","@id":"https:\/\/piranhacut.eu\/en\/produkt\/frez-stozek-diamentowy-do-gresu-plytek-35mm\/#primaryimage","url":"https:\/\/piranhacut.eu\/wp-content\/uploads\/2021\/10\/36.jpg","contentUrl":"https:\/\/piranhacut.eu\/wp-content\/uploads\/2021\/10\/36.jpg","width":940,"height":940},{"@type":"BreadcrumbList","@id":"https:\/\/piranhacut.eu\/en\/produkt\/frez-stozek-diamentowy-do-gresu-plytek-35mm\/#breadcrumb","itemListElement":[{"@type":"ListItem","position":1,"name":"Strona g\u0142\u00f3wna","item":"https:\/\/piranhacut.eu\/en\/"},{"@type":"ListItem","position":2,"name":"Shop","item":"https:\/\/piranhacut.eu\/en\/shop\/"},{"@type":"ListItem","position":3,"name":"Frez sto\u017cek diamentowy do gresu, p\u0142ytek 35-50mm"}]},{"@type":"WebSite","@id":"https:\/\/piranhacut.eu\/en\/#website","url":"https:\/\/piranhacut.eu\/en\/","name":"Piranhacut","description":"Osprz\u0119t do elektronarz\u0119dzi","publisher":{"@id":"https:\/\/piranhacut.eu\/en\/#organization"},"potentialAction":[{"@type":"SearchAction","target":{"@type":"EntryPoint","urlTemplate":"https:\/\/piranhacut.eu\/en\/?s={search_term_string}"},"query-input":{"@type":"PropertyValueSpecification","valueRequired":true,"valueName":"search_term_string"}}],"inLanguage":"en-US"},{"@type":"Organization","@id":"https:\/\/piranhacut.eu\/en\/#organization","name":"Piranhacut","url":"https:\/\/piranhacut.eu\/en\/","logo":{"@type":"ImageObject","inLanguage":"en-US","@id":"https:\/\/piranhacut.eu\/en\/#\/schema\/logo\/image\/","url":"https:\/\/piranhacut.eu\/wp-content\/uploads\/2021\/03\/logo.svg","contentUrl":"https:\/\/piranhacut.eu\/wp-content\/uploads\/2021\/03\/logo.svg","width":317,"height":49,"caption":"Piranhacut"},"image":{"@id":"https:\/\/piranhacut.eu\/en\/#\/schema\/logo\/image\/"}}]}},"_links":{"self":[{"href":"https:\/\/piranhacut.eu\/en\/wp-json\/wp\/v2\/product\/2901","targetHints":{"allow":["GET"]}}],"collection":[{"href":"https:\/\/piranhacut.eu\/en\/wp-json\/wp\/v2\/product"}],"about":[{"href":"https:\/\/piranhacut.eu\/en\/wp-json\/wp\/v2\/types\/product"}],"replies":[{"embeddable":true,"href":"https:\/\/piranhacut.eu\/en\/wp-json\/wp\/v2\/comments?post=2901"}],"version-history":[{"count":0,"href":"https:\/\/piranhacut.eu\/en\/wp-json\/wp\/v2\/product\/2901\/revisions"}],"wp:featuredmedia":[{"embeddable":true,"href":"https:\/\/piranhacut.eu\/en\/wp-json\/wp\/v2\/media\/2862"}],"wp:attachment":[{"href":"https:\/\/piranhacut.eu\/en\/wp-json\/wp\/v2\/media?parent=2901"}],"wp:term":[{"taxonomy":"product_brand","embeddable":true,"href":"https:\/\/piranhacut.eu\/en\/wp-json\/wp\/v2\/product_brand?post=2901"},{"taxonomy":"product_cat","embeddable":true,"href":"https:\/\/piranhacut.eu\/en\/wp-json\/wp\/v2\/product_cat?post=2901"},{"taxonomy":"product_tag","embeddable":true,"href":"https:\/\/piranhacut.eu\/en\/wp-json\/wp\/v2\/product_tag?post=2901"}],"curies":[{"name":"wp","href":"https:\/\/api.w.org\/{rel}","templated":true}]}}