{"id":2904,"date":"2023-03-26T19:52:55","date_gmt":"2023-03-26T17:52:55","guid":{"rendered":"https:\/\/piranhacut.eu\/?post_type=product&#038;p=2904"},"modified":"2023-06-19T12:59:24","modified_gmt":"2023-06-19T10:59:24","slug":"diamentowa-tarcza-z-rzepem-do-szlifowania-gresu-100-100mm","status":"publish","type":"product","link":"https:\/\/piranhacut.eu\/en\/produkt\/diamentowa-tarcza-z-rzepem-do-szlifowania-gresu-100-100mm\/","title":{"rendered":"Diamentowa tarcza z rzepem do szlifowania gresu   #100 100MM"},"content":{"rendered":"<p>Diamentowa tarcza z rzepem do szlifowania gresu 100mm. Gradacja #100<\/p>\n<p>Dzi\u0119ki dost\u0119pnej gradacji mo\u017cemy szlifowa\u0107 p\u0142ytki do 45 stopni. Zastosowanie przy usuwaniu odprysk\u00f3w powsta\u0142ych przy ci\u0119ciu.<\/p>\n<p>Zalety:<\/p>\n<ul>\n<li>D\u0142uga \u017cywotno\u015b\u0107 narz\u0119dzia i szybkie efektywne zdzieranie dzi\u0119ki diamentom technicznym wysokiej jako\u015bci .<\/li>\n<li>Wz\u00f3r plastra miodu do szlifowania na sucho.<\/li>\n<li>Dost\u0119pne gradacje: #30 #50 #100 #200 #400 $800 #1500 #3000<\/li>\n<li>\u015arednica 100mm gwarantuje lepsze wywa\u017cenie, wygod\u0119 i bezpiecze\u0144stwo.<\/li>\n<\/ul>\n<p>Aplikacja: p\u0142ytki ceramiczne, p\u0142ytki gresowe, spieki kwarcowe, dekton.<\/p>\n<p>Tarcza szlifierska z rzepem jest najpopularniejszym narz\u0119dziem s\u0142u\u017c\u0105cym do szlifowania i polerowania twardych materia\u0142\u00f3w jakimi s\u0105 p\u0142ytki gresowe, spieki czy wyroby z kamienia.<\/p>\n","protected":false},"excerpt":{"rendered":"<p>Diamentowa tarcza z rzepem do szlifowania gresu 100mm. Gradacja #100 Dzi\u0119ki dost\u0119pnej gradacji mo\u017cemy szlifowa\u0107 p\u0142ytki do 45 stopni. Zastosowanie przy usuwaniu odprysk\u00f3w powsta\u0142ych przy ci\u0119ciu. Zalety: D\u0142uga \u017cywotno\u015b\u0107 narz\u0119dzia i szybkie efektywne zdzieranie dzi\u0119ki diamentom technicznym wysokiej jako\u015bci . Wz\u00f3r plastra miodu do szlifowania na sucho. Dost\u0119pne gradacje: #30 #50 #100 #200 #400 $800 [&hellip;]<\/p>\n","protected":false},"featured_media":2895,"comment_status":"closed","ping_status":"closed","template":"","meta":{"_acf_changed":false},"product_brand":[],"product_cat":[525,300,29,131,500,502,510],"product_tag":[],"class_list":{"0":"post-2904","1":"product","2":"type-product","3":"status-publish","4":"has-post-thumbnail","6":"product_cat-diamentowe-dyski-na-rzep","7":"product_cat-grinding-produkte","8":"product_cat-szlifowanie","9":"product_cat-szlifowanie-produkty","10":"product_cat-tarcze-diamentowe","11":"product_cat-tarcze-diamentowe-do-gresu","12":"product_cat-tarcze-diamentowe-do-szlifowania","14":"first","15":"instock","16":"taxable","17":"shipping-taxable","18":"purchasable","19":"product-type-simple"},"acf":[],"yoast_head":"<!-- This site is optimized with the Yoast SEO plugin v27.2 - https:\/\/yoast.com\/product\/yoast-seo-wordpress\/ -->\n<title>Diamentowa tarcza z rzepem do szlifowania gresu  #100 100MM - Piranhacut<\/title>\n<meta name=\"description\" content=\"Diamentowa tarcza z rzepem do szlifowania gresu. Dzi\u0119ki dost\u0119pnej gradacji mo\u017cemy szlifowa\u0107 do 45 stopni. Idealne rozwi\u0105zanie przy usuwaniu odprysk\u00f3w.\" \/>\n<meta name=\"robots\" content=\"index, follow, max-snippet:-1, max-image-preview:large, max-video-preview:-1\" \/>\n<link rel=\"canonical\" href=\"https:\/\/piranhacut.eu\/en\/produkt\/diamentowa-tarcza-z-rzepem-do-szlifowania-gresu-100-100mm\/\" \/>\n<meta property=\"og:locale\" content=\"en_US\" \/>\n<meta property=\"og:type\" content=\"article\" \/>\n<meta property=\"og:title\" content=\"Diamentowa tarcza z rzepem do szlifowania gresu  #100 100MM - Piranhacut\" \/>\n<meta property=\"og:description\" content=\"Diamentowa tarcza z rzepem do szlifowania gresu. Dzi\u0119ki dost\u0119pnej gradacji mo\u017cemy szlifowa\u0107 do 45 stopni. Idealne rozwi\u0105zanie przy usuwaniu odprysk\u00f3w.\" \/>\n<meta property=\"og:url\" content=\"https:\/\/piranhacut.eu\/en\/produkt\/diamentowa-tarcza-z-rzepem-do-szlifowania-gresu-100-100mm\/\" \/>\n<meta property=\"og:site_name\" content=\"Piranhacut\" \/>\n<meta property=\"article:modified_time\" content=\"2023-06-19T10:59:24+00:00\" \/>\n<meta property=\"og:image\" content=\"https:\/\/piranhacut.eu\/wp-content\/uploads\/2023\/03\/32.jpg\" \/>\n\t<meta property=\"og:image:width\" content=\"940\" \/>\n\t<meta property=\"og:image:height\" content=\"940\" \/>\n\t<meta property=\"og:image:type\" content=\"image\/jpeg\" \/>\n<meta name=\"twitter:card\" content=\"summary_large_image\" \/>\n<meta name=\"twitter:label1\" content=\"Est. reading time\" \/>\n\t<meta name=\"twitter:data1\" content=\"1 minute\" \/>\n<script type=\"application\/ld+json\" class=\"yoast-schema-graph\">{\"@context\":\"https:\/\/schema.org\",\"@graph\":[{\"@type\":\"WebPage\",\"@id\":\"https:\/\/piranhacut.eu\/en\/produkt\/diamentowa-tarcza-z-rzepem-do-szlifowania-gresu-100-100mm\/\",\"url\":\"https:\/\/piranhacut.eu\/en\/produkt\/diamentowa-tarcza-z-rzepem-do-szlifowania-gresu-100-100mm\/\",\"name\":\"Diamentowa tarcza z rzepem do szlifowania gresu #100 100MM - Piranhacut\",\"isPartOf\":{\"@id\":\"https:\/\/piranhacut.eu\/en\/#website\"},\"primaryImageOfPage\":{\"@id\":\"https:\/\/piranhacut.eu\/en\/produkt\/diamentowa-tarcza-z-rzepem-do-szlifowania-gresu-100-100mm\/#primaryimage\"},\"image\":{\"@id\":\"https:\/\/piranhacut.eu\/en\/produkt\/diamentowa-tarcza-z-rzepem-do-szlifowania-gresu-100-100mm\/#primaryimage\"},\"thumbnailUrl\":\"https:\/\/piranhacut.eu\/wp-content\/uploads\/2023\/03\/32.jpg\",\"datePublished\":\"2023-03-26T17:52:55+00:00\",\"dateModified\":\"2023-06-19T10:59:24+00:00\",\"description\":\"Diamentowa tarcza z rzepem do szlifowania gresu. Dzi\u0119ki dost\u0119pnej gradacji mo\u017cemy szlifowa\u0107 do 45 stopni. Idealne rozwi\u0105zanie przy usuwaniu odprysk\u00f3w.\",\"breadcrumb\":{\"@id\":\"https:\/\/piranhacut.eu\/en\/produkt\/diamentowa-tarcza-z-rzepem-do-szlifowania-gresu-100-100mm\/#breadcrumb\"},\"inLanguage\":\"en-US\",\"potentialAction\":[{\"@type\":\"ReadAction\",\"target\":[\"https:\/\/piranhacut.eu\/en\/produkt\/diamentowa-tarcza-z-rzepem-do-szlifowania-gresu-100-100mm\/\"]}]},{\"@type\":\"ImageObject\",\"inLanguage\":\"en-US\",\"@id\":\"https:\/\/piranhacut.eu\/en\/produkt\/diamentowa-tarcza-z-rzepem-do-szlifowania-gresu-100-100mm\/#primaryimage\",\"url\":\"https:\/\/piranhacut.eu\/wp-content\/uploads\/2023\/03\/32.jpg\",\"contentUrl\":\"https:\/\/piranhacut.eu\/wp-content\/uploads\/2023\/03\/32.jpg\",\"width\":940,\"height\":940},{\"@type\":\"BreadcrumbList\",\"@id\":\"https:\/\/piranhacut.eu\/en\/produkt\/diamentowa-tarcza-z-rzepem-do-szlifowania-gresu-100-100mm\/#breadcrumb\",\"itemListElement\":[{\"@type\":\"ListItem\",\"position\":1,\"name\":\"Strona g\u0142\u00f3wna\",\"item\":\"https:\/\/piranhacut.eu\/en\/\"},{\"@type\":\"ListItem\",\"position\":2,\"name\":\"Shop\",\"item\":\"https:\/\/piranhacut.eu\/en\/shop\/\"},{\"@type\":\"ListItem\",\"position\":3,\"name\":\"Diamentowa tarcza z rzepem do szlifowania gresu #100 100MM\"}]},{\"@type\":\"WebSite\",\"@id\":\"https:\/\/piranhacut.eu\/en\/#website\",\"url\":\"https:\/\/piranhacut.eu\/en\/\",\"name\":\"Piranhacut\",\"description\":\"Osprz\u0119t do elektronarz\u0119dzi\",\"publisher\":{\"@id\":\"https:\/\/piranhacut.eu\/en\/#organization\"},\"potentialAction\":[{\"@type\":\"SearchAction\",\"target\":{\"@type\":\"EntryPoint\",\"urlTemplate\":\"https:\/\/piranhacut.eu\/en\/?s={search_term_string}\"},\"query-input\":{\"@type\":\"PropertyValueSpecification\",\"valueRequired\":true,\"valueName\":\"search_term_string\"}}],\"inLanguage\":\"en-US\"},{\"@type\":\"Organization\",\"@id\":\"https:\/\/piranhacut.eu\/en\/#organization\",\"name\":\"Piranhacut\",\"url\":\"https:\/\/piranhacut.eu\/en\/\",\"logo\":{\"@type\":\"ImageObject\",\"inLanguage\":\"en-US\",\"@id\":\"https:\/\/piranhacut.eu\/en\/#\/schema\/logo\/image\/\",\"url\":\"https:\/\/piranhacut.eu\/wp-content\/uploads\/2021\/03\/logo.svg\",\"contentUrl\":\"https:\/\/piranhacut.eu\/wp-content\/uploads\/2021\/03\/logo.svg\",\"width\":317,\"height\":49,\"caption\":\"Piranhacut\"},\"image\":{\"@id\":\"https:\/\/piranhacut.eu\/en\/#\/schema\/logo\/image\/\"}}]}<\/script>\n<!-- \/ Yoast SEO plugin. -->","yoast_head_json":{"title":"Diamentowa tarcza z rzepem do szlifowania gresu  #100 100MM - Piranhacut","description":"Diamentowa tarcza z rzepem do szlifowania gresu. Dzi\u0119ki dost\u0119pnej gradacji mo\u017cemy szlifowa\u0107 do 45 stopni. Idealne rozwi\u0105zanie przy usuwaniu odprysk\u00f3w.","robots":{"index":"index","follow":"follow","max-snippet":"max-snippet:-1","max-image-preview":"max-image-preview:large","max-video-preview":"max-video-preview:-1"},"canonical":"https:\/\/piranhacut.eu\/en\/produkt\/diamentowa-tarcza-z-rzepem-do-szlifowania-gresu-100-100mm\/","og_locale":"en_US","og_type":"article","og_title":"Diamentowa tarcza z rzepem do szlifowania gresu  #100 100MM - Piranhacut","og_description":"Diamentowa tarcza z rzepem do szlifowania gresu. Dzi\u0119ki dost\u0119pnej gradacji mo\u017cemy szlifowa\u0107 do 45 stopni. Idealne rozwi\u0105zanie przy usuwaniu odprysk\u00f3w.","og_url":"https:\/\/piranhacut.eu\/en\/produkt\/diamentowa-tarcza-z-rzepem-do-szlifowania-gresu-100-100mm\/","og_site_name":"Piranhacut","article_modified_time":"2023-06-19T10:59:24+00:00","og_image":[{"width":940,"height":940,"url":"https:\/\/piranhacut.eu\/wp-content\/uploads\/2023\/03\/32.jpg","type":"image\/jpeg"}],"twitter_card":"summary_large_image","twitter_misc":{"Est. reading time":"1 minute"},"schema":{"@context":"https:\/\/schema.org","@graph":[{"@type":"WebPage","@id":"https:\/\/piranhacut.eu\/en\/produkt\/diamentowa-tarcza-z-rzepem-do-szlifowania-gresu-100-100mm\/","url":"https:\/\/piranhacut.eu\/en\/produkt\/diamentowa-tarcza-z-rzepem-do-szlifowania-gresu-100-100mm\/","name":"Diamentowa tarcza z rzepem do szlifowania gresu #100 100MM - Piranhacut","isPartOf":{"@id":"https:\/\/piranhacut.eu\/en\/#website"},"primaryImageOfPage":{"@id":"https:\/\/piranhacut.eu\/en\/produkt\/diamentowa-tarcza-z-rzepem-do-szlifowania-gresu-100-100mm\/#primaryimage"},"image":{"@id":"https:\/\/piranhacut.eu\/en\/produkt\/diamentowa-tarcza-z-rzepem-do-szlifowania-gresu-100-100mm\/#primaryimage"},"thumbnailUrl":"https:\/\/piranhacut.eu\/wp-content\/uploads\/2023\/03\/32.jpg","datePublished":"2023-03-26T17:52:55+00:00","dateModified":"2023-06-19T10:59:24+00:00","description":"Diamentowa tarcza z rzepem do szlifowania gresu. Dzi\u0119ki dost\u0119pnej gradacji mo\u017cemy szlifowa\u0107 do 45 stopni. Idealne rozwi\u0105zanie przy usuwaniu odprysk\u00f3w.","breadcrumb":{"@id":"https:\/\/piranhacut.eu\/en\/produkt\/diamentowa-tarcza-z-rzepem-do-szlifowania-gresu-100-100mm\/#breadcrumb"},"inLanguage":"en-US","potentialAction":[{"@type":"ReadAction","target":["https:\/\/piranhacut.eu\/en\/produkt\/diamentowa-tarcza-z-rzepem-do-szlifowania-gresu-100-100mm\/"]}]},{"@type":"ImageObject","inLanguage":"en-US","@id":"https:\/\/piranhacut.eu\/en\/produkt\/diamentowa-tarcza-z-rzepem-do-szlifowania-gresu-100-100mm\/#primaryimage","url":"https:\/\/piranhacut.eu\/wp-content\/uploads\/2023\/03\/32.jpg","contentUrl":"https:\/\/piranhacut.eu\/wp-content\/uploads\/2023\/03\/32.jpg","width":940,"height":940},{"@type":"BreadcrumbList","@id":"https:\/\/piranhacut.eu\/en\/produkt\/diamentowa-tarcza-z-rzepem-do-szlifowania-gresu-100-100mm\/#breadcrumb","itemListElement":[{"@type":"ListItem","position":1,"name":"Strona g\u0142\u00f3wna","item":"https:\/\/piranhacut.eu\/en\/"},{"@type":"ListItem","position":2,"name":"Shop","item":"https:\/\/piranhacut.eu\/en\/shop\/"},{"@type":"ListItem","position":3,"name":"Diamentowa tarcza z rzepem do szlifowania gresu #100 100MM"}]},{"@type":"WebSite","@id":"https:\/\/piranhacut.eu\/en\/#website","url":"https:\/\/piranhacut.eu\/en\/","name":"Piranhacut","description":"Osprz\u0119t do elektronarz\u0119dzi","publisher":{"@id":"https:\/\/piranhacut.eu\/en\/#organization"},"potentialAction":[{"@type":"SearchAction","target":{"@type":"EntryPoint","urlTemplate":"https:\/\/piranhacut.eu\/en\/?s={search_term_string}"},"query-input":{"@type":"PropertyValueSpecification","valueRequired":true,"valueName":"search_term_string"}}],"inLanguage":"en-US"},{"@type":"Organization","@id":"https:\/\/piranhacut.eu\/en\/#organization","name":"Piranhacut","url":"https:\/\/piranhacut.eu\/en\/","logo":{"@type":"ImageObject","inLanguage":"en-US","@id":"https:\/\/piranhacut.eu\/en\/#\/schema\/logo\/image\/","url":"https:\/\/piranhacut.eu\/wp-content\/uploads\/2021\/03\/logo.svg","contentUrl":"https:\/\/piranhacut.eu\/wp-content\/uploads\/2021\/03\/logo.svg","width":317,"height":49,"caption":"Piranhacut"},"image":{"@id":"https:\/\/piranhacut.eu\/en\/#\/schema\/logo\/image\/"}}]}},"_links":{"self":[{"href":"https:\/\/piranhacut.eu\/en\/wp-json\/wp\/v2\/product\/2904","targetHints":{"allow":["GET"]}}],"collection":[{"href":"https:\/\/piranhacut.eu\/en\/wp-json\/wp\/v2\/product"}],"about":[{"href":"https:\/\/piranhacut.eu\/en\/wp-json\/wp\/v2\/types\/product"}],"replies":[{"embeddable":true,"href":"https:\/\/piranhacut.eu\/en\/wp-json\/wp\/v2\/comments?post=2904"}],"version-history":[{"count":1,"href":"https:\/\/piranhacut.eu\/en\/wp-json\/wp\/v2\/product\/2904\/revisions"}],"predecessor-version":[{"id":3569,"href":"https:\/\/piranhacut.eu\/en\/wp-json\/wp\/v2\/product\/2904\/revisions\/3569"}],"wp:featuredmedia":[{"embeddable":true,"href":"https:\/\/piranhacut.eu\/en\/wp-json\/wp\/v2\/media\/2895"}],"wp:attachment":[{"href":"https:\/\/piranhacut.eu\/en\/wp-json\/wp\/v2\/media?parent=2904"}],"wp:term":[{"taxonomy":"product_brand","embeddable":true,"href":"https:\/\/piranhacut.eu\/en\/wp-json\/wp\/v2\/product_brand?post=2904"},{"taxonomy":"product_cat","embeddable":true,"href":"https:\/\/piranhacut.eu\/en\/wp-json\/wp\/v2\/product_cat?post=2904"},{"taxonomy":"product_tag","embeddable":true,"href":"https:\/\/piranhacut.eu\/en\/wp-json\/wp\/v2\/product_tag?post=2904"}],"curies":[{"name":"wp","href":"https:\/\/api.w.org\/{rel}","templated":true}]}}