{"id":3564,"date":"2023-06-11T18:08:29","date_gmt":"2023-06-11T16:08:29","guid":{"rendered":"https:\/\/piranhacut.eu\/?post_type=product&#038;p=3564"},"modified":"2023-08-28T06:05:16","modified_gmt":"2023-08-28T04:05:16","slug":"dysk-gumowy-do-tarcz-polerskich-na-rzep-100mm-piranhacut","status":"publish","type":"product","link":"https:\/\/piranhacut.eu\/en\/produkt\/dysk-gumowy-do-tarcz-polerskich-na-rzep-100mm-piranhacut\/","title":{"rendered":"DYSK GUMOWY DO TARCZ POLERSKICH NA RZEP 100MM PIRANHACUT"},"content":{"rendered":"<h2>Pad dysk gumowy do tarcz polerskich na rzep 100MM<\/h2>\n<p>Elastyczny dysk\u00a0 z rzepem na szlifierk\u0119 \u00d8 100 mm, stabilna konstrukcja zapewniaj\u0105ca efektown\u0105 prac\u0119.<\/p>\n<p>Stosuj\u0105c z padami diamentowych mo\u017cemy doskonale wyko\u0144czy\u0107 kraw\u0119dzie ci\u0119tych materia\u0142\u00f3w.<\/p>\n<p>Dysk wykonany z materia\u0142u ABS.<\/p>\n<h3>Dane techniczne:<\/h3>\n<ul>\n<li>\u015arednica 100mm<\/li>\n<li>Mocowanie: gwint M14 do szlifierki k\u0105towej<\/li>\n<li>Kod produktu: PCABP-100<\/li>\n<\/ul>\n","protected":false},"excerpt":{"rendered":"<p>Pad dysk gumowy do tarcz polerskich na rzep 100MM Elastyczny dysk\u00a0 z rzepem na szlifierk\u0119 \u00d8 100 mm, stabilna konstrukcja zapewniaj\u0105ca efektown\u0105 prac\u0119. Stosuj\u0105c z padami diamentowych mo\u017cemy doskonale wyko\u0144czy\u0107 kraw\u0119dzie ci\u0119tych materia\u0142\u00f3w. Dysk wykonany z materia\u0142u ABS. Dane techniczne: \u015arednica 100mm Mocowanie: gwint M14 do szlifierki k\u0105towej Kod produktu: PCABP-100<\/p>\n","protected":false},"featured_media":3565,"comment_status":"open","ping_status":"closed","template":"","meta":{"_acf_changed":false},"product_brand":[],"product_cat":[525,29],"product_tag":[],"class_list":{"0":"post-3564","1":"product","2":"type-product","3":"status-publish","4":"has-post-thumbnail","6":"product_cat-diamentowe-dyski-na-rzep","7":"product_cat-szlifowanie","9":"first","10":"instock","11":"taxable","12":"shipping-taxable","13":"purchasable","14":"product-type-simple"},"acf":[],"yoast_head":"<!-- This site is optimized with the Yoast SEO plugin v27.2 - https:\/\/yoast.com\/product\/yoast-seo-wordpress\/ -->\n<title>DYSK GUMOWY DO TARCZ POLERSKICH NA RZEP 100MM PIRANHACUT - Piranhacut<\/title>\n<meta name=\"description\" content=\"dysk gumowy z rzepem 100mm do pad\u00f3w diamentowych do szlifowania ci\u0119tych powierzchni, mocowanie na m14 dysk z rzepem\" \/>\n<meta name=\"robots\" content=\"index, follow, max-snippet:-1, max-image-preview:large, max-video-preview:-1\" \/>\n<link rel=\"canonical\" href=\"https:\/\/piranhacut.eu\/en\/produkt\/dysk-gumowy-do-tarcz-polerskich-na-rzep-100mm-piranhacut\/\" \/>\n<meta property=\"og:locale\" content=\"en_US\" \/>\n<meta property=\"og:type\" content=\"article\" \/>\n<meta property=\"og:title\" content=\"DYSK GUMOWY DO TARCZ POLERSKICH NA RZEP 100MM PIRANHACUT - Piranhacut\" \/>\n<meta property=\"og:description\" content=\"dysk gumowy z rzepem 100mm do pad\u00f3w diamentowych do szlifowania ci\u0119tych powierzchni, mocowanie na m14 dysk z rzepem\" \/>\n<meta property=\"og:url\" content=\"https:\/\/piranhacut.eu\/en\/produkt\/dysk-gumowy-do-tarcz-polerskich-na-rzep-100mm-piranhacut\/\" \/>\n<meta property=\"og:site_name\" content=\"Piranhacut\" \/>\n<meta property=\"article:modified_time\" content=\"2023-08-28T04:05:16+00:00\" \/>\n<meta property=\"og:image\" content=\"https:\/\/piranhacut.eu\/wp-content\/uploads\/2023\/06\/dysk-gumowy.jpg\" \/>\n\t<meta property=\"og:image:width\" content=\"1038\" \/>\n\t<meta property=\"og:image:height\" content=\"641\" \/>\n\t<meta property=\"og:image:type\" content=\"image\/jpeg\" \/>\n<meta name=\"twitter:card\" content=\"summary_large_image\" \/>\n<script type=\"application\/ld+json\" class=\"yoast-schema-graph\">{\"@context\":\"https:\/\/schema.org\",\"@graph\":[{\"@type\":\"WebPage\",\"@id\":\"https:\/\/piranhacut.eu\/en\/produkt\/dysk-gumowy-do-tarcz-polerskich-na-rzep-100mm-piranhacut\/\",\"url\":\"https:\/\/piranhacut.eu\/en\/produkt\/dysk-gumowy-do-tarcz-polerskich-na-rzep-100mm-piranhacut\/\",\"name\":\"DYSK GUMOWY DO TARCZ POLERSKICH NA RZEP 100MM PIRANHACUT - Piranhacut\",\"isPartOf\":{\"@id\":\"https:\/\/piranhacut.eu\/en\/#website\"},\"primaryImageOfPage\":{\"@id\":\"https:\/\/piranhacut.eu\/en\/produkt\/dysk-gumowy-do-tarcz-polerskich-na-rzep-100mm-piranhacut\/#primaryimage\"},\"image\":{\"@id\":\"https:\/\/piranhacut.eu\/en\/produkt\/dysk-gumowy-do-tarcz-polerskich-na-rzep-100mm-piranhacut\/#primaryimage\"},\"thumbnailUrl\":\"https:\/\/piranhacut.eu\/wp-content\/uploads\/2023\/06\/dysk-gumowy.jpg\",\"datePublished\":\"2023-06-11T16:08:29+00:00\",\"dateModified\":\"2023-08-28T04:05:16+00:00\",\"description\":\"dysk gumowy z rzepem 100mm do pad\u00f3w diamentowych do szlifowania ci\u0119tych powierzchni, mocowanie na m14 dysk z rzepem\",\"breadcrumb\":{\"@id\":\"https:\/\/piranhacut.eu\/en\/produkt\/dysk-gumowy-do-tarcz-polerskich-na-rzep-100mm-piranhacut\/#breadcrumb\"},\"inLanguage\":\"en-US\",\"potentialAction\":[{\"@type\":\"ReadAction\",\"target\":[\"https:\/\/piranhacut.eu\/en\/produkt\/dysk-gumowy-do-tarcz-polerskich-na-rzep-100mm-piranhacut\/\"]}]},{\"@type\":\"ImageObject\",\"inLanguage\":\"en-US\",\"@id\":\"https:\/\/piranhacut.eu\/en\/produkt\/dysk-gumowy-do-tarcz-polerskich-na-rzep-100mm-piranhacut\/#primaryimage\",\"url\":\"https:\/\/piranhacut.eu\/wp-content\/uploads\/2023\/06\/dysk-gumowy.jpg\",\"contentUrl\":\"https:\/\/piranhacut.eu\/wp-content\/uploads\/2023\/06\/dysk-gumowy.jpg\",\"width\":1038,\"height\":641},{\"@type\":\"BreadcrumbList\",\"@id\":\"https:\/\/piranhacut.eu\/en\/produkt\/dysk-gumowy-do-tarcz-polerskich-na-rzep-100mm-piranhacut\/#breadcrumb\",\"itemListElement\":[{\"@type\":\"ListItem\",\"position\":1,\"name\":\"Strona g\u0142\u00f3wna\",\"item\":\"https:\/\/piranhacut.eu\/en\/\"},{\"@type\":\"ListItem\",\"position\":2,\"name\":\"Shop\",\"item\":\"https:\/\/piranhacut.eu\/en\/shop\/\"},{\"@type\":\"ListItem\",\"position\":3,\"name\":\"DYSK GUMOWY DO TARCZ POLERSKICH NA RZEP 100MM PIRANHACUT\"}]},{\"@type\":\"WebSite\",\"@id\":\"https:\/\/piranhacut.eu\/en\/#website\",\"url\":\"https:\/\/piranhacut.eu\/en\/\",\"name\":\"Piranhacut\",\"description\":\"Osprz\u0119t do elektronarz\u0119dzi\",\"publisher\":{\"@id\":\"https:\/\/piranhacut.eu\/en\/#organization\"},\"potentialAction\":[{\"@type\":\"SearchAction\",\"target\":{\"@type\":\"EntryPoint\",\"urlTemplate\":\"https:\/\/piranhacut.eu\/en\/?s={search_term_string}\"},\"query-input\":{\"@type\":\"PropertyValueSpecification\",\"valueRequired\":true,\"valueName\":\"search_term_string\"}}],\"inLanguage\":\"en-US\"},{\"@type\":\"Organization\",\"@id\":\"https:\/\/piranhacut.eu\/en\/#organization\",\"name\":\"Piranhacut\",\"url\":\"https:\/\/piranhacut.eu\/en\/\",\"logo\":{\"@type\":\"ImageObject\",\"inLanguage\":\"en-US\",\"@id\":\"https:\/\/piranhacut.eu\/en\/#\/schema\/logo\/image\/\",\"url\":\"https:\/\/piranhacut.eu\/wp-content\/uploads\/2021\/03\/logo.svg\",\"contentUrl\":\"https:\/\/piranhacut.eu\/wp-content\/uploads\/2021\/03\/logo.svg\",\"width\":317,\"height\":49,\"caption\":\"Piranhacut\"},\"image\":{\"@id\":\"https:\/\/piranhacut.eu\/en\/#\/schema\/logo\/image\/\"}}]}<\/script>\n<!-- \/ Yoast SEO plugin. -->","yoast_head_json":{"title":"DYSK GUMOWY DO TARCZ POLERSKICH NA RZEP 100MM PIRANHACUT - Piranhacut","description":"dysk gumowy z rzepem 100mm do pad\u00f3w diamentowych do szlifowania ci\u0119tych powierzchni, mocowanie na m14 dysk z rzepem","robots":{"index":"index","follow":"follow","max-snippet":"max-snippet:-1","max-image-preview":"max-image-preview:large","max-video-preview":"max-video-preview:-1"},"canonical":"https:\/\/piranhacut.eu\/en\/produkt\/dysk-gumowy-do-tarcz-polerskich-na-rzep-100mm-piranhacut\/","og_locale":"en_US","og_type":"article","og_title":"DYSK GUMOWY DO TARCZ POLERSKICH NA RZEP 100MM PIRANHACUT - Piranhacut","og_description":"dysk gumowy z rzepem 100mm do pad\u00f3w diamentowych do szlifowania ci\u0119tych powierzchni, mocowanie na m14 dysk z rzepem","og_url":"https:\/\/piranhacut.eu\/en\/produkt\/dysk-gumowy-do-tarcz-polerskich-na-rzep-100mm-piranhacut\/","og_site_name":"Piranhacut","article_modified_time":"2023-08-28T04:05:16+00:00","og_image":[{"width":1038,"height":641,"url":"https:\/\/piranhacut.eu\/wp-content\/uploads\/2023\/06\/dysk-gumowy.jpg","type":"image\/jpeg"}],"twitter_card":"summary_large_image","schema":{"@context":"https:\/\/schema.org","@graph":[{"@type":"WebPage","@id":"https:\/\/piranhacut.eu\/en\/produkt\/dysk-gumowy-do-tarcz-polerskich-na-rzep-100mm-piranhacut\/","url":"https:\/\/piranhacut.eu\/en\/produkt\/dysk-gumowy-do-tarcz-polerskich-na-rzep-100mm-piranhacut\/","name":"DYSK GUMOWY DO TARCZ POLERSKICH NA RZEP 100MM PIRANHACUT - Piranhacut","isPartOf":{"@id":"https:\/\/piranhacut.eu\/en\/#website"},"primaryImageOfPage":{"@id":"https:\/\/piranhacut.eu\/en\/produkt\/dysk-gumowy-do-tarcz-polerskich-na-rzep-100mm-piranhacut\/#primaryimage"},"image":{"@id":"https:\/\/piranhacut.eu\/en\/produkt\/dysk-gumowy-do-tarcz-polerskich-na-rzep-100mm-piranhacut\/#primaryimage"},"thumbnailUrl":"https:\/\/piranhacut.eu\/wp-content\/uploads\/2023\/06\/dysk-gumowy.jpg","datePublished":"2023-06-11T16:08:29+00:00","dateModified":"2023-08-28T04:05:16+00:00","description":"dysk gumowy z rzepem 100mm do pad\u00f3w diamentowych do szlifowania ci\u0119tych powierzchni, mocowanie na m14 dysk z rzepem","breadcrumb":{"@id":"https:\/\/piranhacut.eu\/en\/produkt\/dysk-gumowy-do-tarcz-polerskich-na-rzep-100mm-piranhacut\/#breadcrumb"},"inLanguage":"en-US","potentialAction":[{"@type":"ReadAction","target":["https:\/\/piranhacut.eu\/en\/produkt\/dysk-gumowy-do-tarcz-polerskich-na-rzep-100mm-piranhacut\/"]}]},{"@type":"ImageObject","inLanguage":"en-US","@id":"https:\/\/piranhacut.eu\/en\/produkt\/dysk-gumowy-do-tarcz-polerskich-na-rzep-100mm-piranhacut\/#primaryimage","url":"https:\/\/piranhacut.eu\/wp-content\/uploads\/2023\/06\/dysk-gumowy.jpg","contentUrl":"https:\/\/piranhacut.eu\/wp-content\/uploads\/2023\/06\/dysk-gumowy.jpg","width":1038,"height":641},{"@type":"BreadcrumbList","@id":"https:\/\/piranhacut.eu\/en\/produkt\/dysk-gumowy-do-tarcz-polerskich-na-rzep-100mm-piranhacut\/#breadcrumb","itemListElement":[{"@type":"ListItem","position":1,"name":"Strona g\u0142\u00f3wna","item":"https:\/\/piranhacut.eu\/en\/"},{"@type":"ListItem","position":2,"name":"Shop","item":"https:\/\/piranhacut.eu\/en\/shop\/"},{"@type":"ListItem","position":3,"name":"DYSK GUMOWY DO TARCZ POLERSKICH NA RZEP 100MM PIRANHACUT"}]},{"@type":"WebSite","@id":"https:\/\/piranhacut.eu\/en\/#website","url":"https:\/\/piranhacut.eu\/en\/","name":"Piranhacut","description":"Osprz\u0119t do elektronarz\u0119dzi","publisher":{"@id":"https:\/\/piranhacut.eu\/en\/#organization"},"potentialAction":[{"@type":"SearchAction","target":{"@type":"EntryPoint","urlTemplate":"https:\/\/piranhacut.eu\/en\/?s={search_term_string}"},"query-input":{"@type":"PropertyValueSpecification","valueRequired":true,"valueName":"search_term_string"}}],"inLanguage":"en-US"},{"@type":"Organization","@id":"https:\/\/piranhacut.eu\/en\/#organization","name":"Piranhacut","url":"https:\/\/piranhacut.eu\/en\/","logo":{"@type":"ImageObject","inLanguage":"en-US","@id":"https:\/\/piranhacut.eu\/en\/#\/schema\/logo\/image\/","url":"https:\/\/piranhacut.eu\/wp-content\/uploads\/2021\/03\/logo.svg","contentUrl":"https:\/\/piranhacut.eu\/wp-content\/uploads\/2021\/03\/logo.svg","width":317,"height":49,"caption":"Piranhacut"},"image":{"@id":"https:\/\/piranhacut.eu\/en\/#\/schema\/logo\/image\/"}}]}},"_links":{"self":[{"href":"https:\/\/piranhacut.eu\/en\/wp-json\/wp\/v2\/product\/3564","targetHints":{"allow":["GET"]}}],"collection":[{"href":"https:\/\/piranhacut.eu\/en\/wp-json\/wp\/v2\/product"}],"about":[{"href":"https:\/\/piranhacut.eu\/en\/wp-json\/wp\/v2\/types\/product"}],"replies":[{"embeddable":true,"href":"https:\/\/piranhacut.eu\/en\/wp-json\/wp\/v2\/comments?post=3564"}],"version-history":[{"count":0,"href":"https:\/\/piranhacut.eu\/en\/wp-json\/wp\/v2\/product\/3564\/revisions"}],"wp:featuredmedia":[{"embeddable":true,"href":"https:\/\/piranhacut.eu\/en\/wp-json\/wp\/v2\/media\/3565"}],"wp:attachment":[{"href":"https:\/\/piranhacut.eu\/en\/wp-json\/wp\/v2\/media?parent=3564"}],"wp:term":[{"taxonomy":"product_brand","embeddable":true,"href":"https:\/\/piranhacut.eu\/en\/wp-json\/wp\/v2\/product_brand?post=3564"},{"taxonomy":"product_cat","embeddable":true,"href":"https:\/\/piranhacut.eu\/en\/wp-json\/wp\/v2\/product_cat?post=3564"},{"taxonomy":"product_tag","embeddable":true,"href":"https:\/\/piranhacut.eu\/en\/wp-json\/wp\/v2\/product_tag?post=3564"}],"curies":[{"name":"wp","href":"https:\/\/api.w.org\/{rel}","templated":true}]}}