{"id":3627,"date":"2023-06-28T14:26:01","date_gmt":"2023-06-28T12:26:01","guid":{"rendered":"https:\/\/piranhacut.eu\/?post_type=product&#038;p=3627"},"modified":"2026-02-17T19:31:12","modified_gmt":"2026-02-17T18:31:12","slug":"otwornica-do-betonu-pod-puszki-arix-pro-82mm","status":"publish","type":"product","link":"https:\/\/piranhacut.eu\/en\/produkt\/otwornica-do-betonu-pod-puszki-arix-pro-82mm\/","title":{"rendered":"Otwornica do betonu pod puszki ARIX PRO 82mm"},"content":{"rendered":"<h2 data-start=\"498\" data-end=\"595\">OTWORNICA DIAMENTOWA ARIX 82mm M16 PIRANHACUT PROFESSIONAL DO BETONU ZBROJONEGO + ADAPTER SDS+<\/h2>\n<p data-start=\"597\" data-end=\"778\">Profesjonalna koronka diamentowa PiranhaCut ARIX przeznaczona do wykonywania otwor\u00f3w pod puszki elektryczne w betonie zbrojonym, \u017celbecie oraz najtwardszych materia\u0142ach budowlanych.<\/p>\n<p data-start=\"780\" data-end=\"972\">Zastosowana technologia segment\u00f3w diamentowych ARIX zapewnia maksymaln\u0105 trwa\u0142o\u015b\u0107, bardzo szybkie tempo wiercenia oraz d\u0142ug\u0105 \u017cywotno\u015b\u0107 narz\u0119dzia, nawet podczas intensywnej pracy profesjonalnej.<\/p>\n<p data-start=\"974\" data-end=\"1084\">W zestawie znajduje si\u0119 adapter SDS+ M16 umo\u017cliwiaj\u0105cy prac\u0119 z wi\u0119kszo\u015bci\u0105 m\u0142otowiertarek dost\u0119pnych na rynku.<\/p>\n<hr data-start=\"1086\" data-end=\"1089\" \/>\n<h2 data-start=\"1091\" data-end=\"1114\">NAJWA\u017bNIEJSZE ZALETY<\/h2>\n<p data-start=\"1116\" data-end=\"1487\">\u2714 technologia diamentowa ARIX \u2013 najwy\u017csza trwa\u0142o\u015b\u0107 i szybko\u015b\u0107 wiercenia<br data-start=\"1187\" data-end=\"1190\" \/>\u2714 mo\u017cliwo\u015b\u0107 wiercenia w betonie zbrojonym z pr\u0119tami do fi 12 mm<br data-start=\"1253\" data-end=\"1256\" \/>\u2714 profesjonalna seria PIRANHACUT PROFESSIONAL<br data-start=\"1301\" data-end=\"1304\" \/>\u2714 szybkie i precyzyjne wiercenie bez udaru<br data-start=\"1346\" data-end=\"1349\" \/>\u2714 wysoka odporno\u015b\u0107 na zu\u017cycie i przegrzewanie<br data-start=\"1394\" data-end=\"1397\" \/>\u2714 stabilna praca bez wibracji<br data-start=\"1426\" data-end=\"1429\" \/>\u2714 wysoka wydajno\u015b\u0107 pracy<br data-start=\"1453\" data-end=\"1456\" \/>\u2714 w zestawie adapter SDS+ M16<\/p>\n<hr data-start=\"1489\" data-end=\"1492\" \/>\n<h2 data-start=\"1494\" data-end=\"1536\">TECHNOLOGIA ARIX \u2013 MAKSYMALNA WYDAJNO\u015a\u0106<\/h2>\n<p data-start=\"1538\" data-end=\"1649\">Segmenty ARIX posiadaj\u0105 r\u00f3wnomierne, rz\u0119dowe rozmieszczenie diament\u00f3w w ca\u0142ej strukturze segmentu, co zapewnia:<\/p>\n<p data-start=\"1651\" data-end=\"1850\">\u2022 szybsze wiercenie ni\u017c standardowe koronki<br data-start=\"1694\" data-end=\"1697\" \/>\u2022 d\u0142u\u017csz\u0105 \u017cywotno\u015b\u0107<br data-start=\"1716\" data-end=\"1719\" \/>\u2022 wi\u0119ksz\u0105 odporno\u015b\u0107 na zu\u017cycie<br data-start=\"1749\" data-end=\"1752\" \/>\u2022 efektywne wiercenie w betonie zbrojonym<br data-start=\"1793\" data-end=\"1796\" \/>\u2022 mo\u017cliwo\u015b\u0107 pracy w \u017celbecie z pr\u0119tami zbrojeniowymi<\/p>\n<hr data-start=\"1852\" data-end=\"1855\" \/>\n<h2 data-start=\"1857\" data-end=\"1872\">ZASTOSOWANIE<\/h2>\n<p data-start=\"1874\" data-end=\"1909\">Idealna do wykonywania otwor\u00f3w pod:<\/p>\n<p data-start=\"1911\" data-end=\"2037\">\u2022 puszki elektryczne<br data-start=\"1931\" data-end=\"1934\" \/>\u2022 puszki podtynkowe<br data-start=\"1953\" data-end=\"1956\" \/>\u2022 instalacje elektryczne<br data-start=\"1980\" data-end=\"1983\" \/>\u2022 instalacje hydrauliczne<br data-start=\"2008\" data-end=\"2011\" \/>\u2022 przepusty instalacyjne<\/p>\n<p data-start=\"2039\" data-end=\"2049\">Materia\u0142y:<\/p>\n<p data-start=\"2051\" data-end=\"2120\">\u2022 beton zbrojony<br data-start=\"2067\" data-end=\"2070\" \/>\u2022 \u017celbet<br data-start=\"2078\" data-end=\"2081\" \/>\u2022 beton<br data-start=\"2088\" data-end=\"2091\" \/>\u2022 silikat<br data-start=\"2100\" data-end=\"2103\" \/>\u2022 ceg\u0142a<br data-start=\"2110\" data-end=\"2113\" \/>\u2022 mur<\/p>\n<hr data-start=\"2122\" data-end=\"2125\" \/>\n<h2 data-start=\"2127\" data-end=\"2153\">SPECYFIKACJA TECHNICZNA<\/h2>\n<p data-start=\"2155\" data-end=\"2430\">\u015arednica: 82 mm<br data-start=\"2170\" data-end=\"2173\" \/>D\u0142ugo\u015b\u0107 robocza: 80 mm<br data-start=\"2195\" data-end=\"2198\" \/>Gwint mocowania: M16<br data-start=\"2218\" data-end=\"2221\" \/>Materia\u0142 korpusu: stal hartowana<br data-start=\"2253\" data-end=\"2256\" \/>Technologia segment\u00f3w: ARIX<br data-start=\"2283\" data-end=\"2286\" \/>Ilo\u015b\u0107 segment\u00f3w: 4<br data-start=\"2304\" data-end=\"2307\" \/>Wysoko\u015b\u0107 segmentu: 10 mm<br data-start=\"2331\" data-end=\"2334\" \/>Przeznaczenie: beton zbrojony, beton, ceg\u0142a, silikat<br \/>\nNr. katalogowy: PCDSDA-082<br \/>\nSeria: ARIX GREEN Professional<br data-start=\"2408\" data-end=\"2411\" \/>Marka: PiranhaCut<\/p>\n<hr data-start=\"2432\" data-end=\"2435\" \/>\n<h2 data-start=\"2437\" data-end=\"2454\">ZESTAW ZAWIERA<\/h2>\n<p data-start=\"2456\" data-end=\"2549\">\u2022 Otwornica diamentowa PiranhaCut ARIX 82 mm<br data-start=\"2500\" data-end=\"2503\" \/>\u2022 Adapter SDS+ M16<br data-start=\"2521\" data-end=\"2524\" \/>\u2022 Oryginalne opakowanie<\/p>\n<hr data-start=\"2551\" data-end=\"2554\" \/>\n<h2 data-start=\"2556\" data-end=\"2590\">ZASADY PRAWID\u0141OWEGO U\u017bYTKOWANIA<\/h2>\n<p data-start=\"2592\" data-end=\"2799\">\u2022 wierci\u0107 bez u\u017cycia udaru<br data-start=\"2618\" data-end=\"2621\" \/>\u2022 u\u017cycie udaru mo\u017ce spowodowa\u0107 uszkodzenie segment\u00f3w diamentowych<br data-start=\"2686\" data-end=\"2689\" \/>\u2022 zaleca si\u0119 regularne oczyszczanie wn\u0119trza korony po zako\u0144czeniu pracy<br data-start=\"2760\" data-end=\"2763\" \/>\u2022 mo\u017cliwa praca na sucho lub mokro<\/p>\n<hr data-start=\"2801\" data-end=\"2804\" \/>\n<h2 data-start=\"2806\" data-end=\"2862\">PIRANHACUT PROFESSIONAL \u2013 SPRZ\u0118T DLA PROFESJONALIST\u00d3W<\/h2>\n<p data-start=\"2864\" data-end=\"2958\">Narz\u0119dzia PiranhaCut zosta\u0142y zaprojektowane do intensywnej pracy w najtrudniejszych warunkach.<\/p>\n<p data-start=\"2960\" data-end=\"2984\">Idealne rozwi\u0105zanie dla:<\/p>\n<p data-start=\"2986\" data-end=\"3059\">\u2022 elektryk\u00f3w<br data-start=\"2998\" data-end=\"3001\" \/>\u2022 instalator\u00f3w<br data-start=\"3015\" data-end=\"3018\" \/>\u2022 firm budowlanych<br data-start=\"3036\" data-end=\"3039\" \/>\u2022 ekip remontowych<\/p>\n<p>&nbsp;<\/p>\n","protected":false},"excerpt":{"rendered":"<p>&nbsp;<\/p>\n<p>&nbsp;<\/p>\n<p>&nbsp;<\/p>\n","protected":false},"featured_media":4272,"comment_status":"open","ping_status":"closed","template":"","meta":{"_acf_changed":false},"product_brand":[],"product_cat":[521,516,26,134],"product_tag":[592,594,591,593,595,435],"class_list":{"0":"post-3627","1":"product","2":"type-product","3":"status-publish","4":"has-post-thumbnail","6":"product_cat-korony-diamentowe-do-betonu","7":"product_cat-otwornice-do-betonu","8":"product_cat-wiercenie","9":"product_cat-wiercenie-produkty","10":"product_tag-koronka-diamentowa-68mm","11":"product_tag-koronka-do-betonu-zbrojonego","12":"product_tag-otwornica-diamentowa-do-betonu","13":"product_tag-otwornica-do-puszek-68mm","14":"product_tag-otwornica-m16","15":"product_tag-wiercenie-bez-udaru","17":"first","18":"instock","19":"taxable","20":"shipping-taxable","21":"purchasable","22":"product-type-simple"},"acf":[],"yoast_head":"<!-- This site is optimized with the Yoast SEO plugin v27.2 - https:\/\/yoast.com\/product\/yoast-seo-wordpress\/ -->\n<title>Otwornica do betonu pod puszki ARIX PRO 82mm - Piranhacut<\/title>\n<meta name=\"description\" content=\"Profesjonalna korona z segmentami diamentowymi do wiercenia we wszystkich rodzajach mur\u00f3w. Idealnie sprawdza si\u0119 przy wierceniu otwor\u00f3w pod puszki elektryczne i wentylacje.\" \/>\n<meta name=\"robots\" content=\"index, follow, max-snippet:-1, max-image-preview:large, max-video-preview:-1\" \/>\n<link rel=\"canonical\" href=\"https:\/\/piranhacut.eu\/en\/produkt\/otwornica-do-betonu-pod-puszki-arix-pro-82mm\/\" \/>\n<meta property=\"og:locale\" content=\"en_US\" \/>\n<meta property=\"og:type\" content=\"article\" \/>\n<meta property=\"og:title\" content=\"Otwornica do betonu pod puszki ARIX PRO 82mm - Piranhacut\" \/>\n<meta property=\"og:description\" content=\"Profesjonalna korona z segmentami diamentowymi do wiercenia we wszystkich rodzajach mur\u00f3w. Idealnie sprawdza si\u0119 przy wierceniu otwor\u00f3w pod puszki elektryczne i wentylacje.\" \/>\n<meta property=\"og:url\" content=\"https:\/\/piranhacut.eu\/en\/produkt\/otwornica-do-betonu-pod-puszki-arix-pro-82mm\/\" \/>\n<meta property=\"og:site_name\" content=\"Piranhacut\" \/>\n<meta property=\"article:modified_time\" content=\"2026-02-17T18:31:12+00:00\" \/>\n<meta property=\"og:image\" content=\"https:\/\/piranhacut.eu\/wp-content\/uploads\/2023\/06\/arix-68.jpg\" \/>\n\t<meta property=\"og:image:width\" content=\"1920\" \/>\n\t<meta property=\"og:image:height\" content=\"1920\" \/>\n\t<meta property=\"og:image:type\" content=\"image\/jpeg\" \/>\n<meta name=\"twitter:card\" content=\"summary_large_image\" \/>\n<meta name=\"twitter:label1\" content=\"Est. reading time\" \/>\n\t<meta name=\"twitter:data1\" content=\"1 minute\" \/>\n<script type=\"application\/ld+json\" class=\"yoast-schema-graph\">{\"@context\":\"https:\/\/schema.org\",\"@graph\":[{\"@type\":\"WebPage\",\"@id\":\"https:\/\/piranhacut.eu\/en\/produkt\/otwornica-do-betonu-pod-puszki-arix-pro-82mm\/\",\"url\":\"https:\/\/piranhacut.eu\/en\/produkt\/otwornica-do-betonu-pod-puszki-arix-pro-82mm\/\",\"name\":\"Otwornica do betonu pod puszki ARIX PRO 82mm - Piranhacut\",\"isPartOf\":{\"@id\":\"https:\/\/piranhacut.eu\/en\/#website\"},\"primaryImageOfPage\":{\"@id\":\"https:\/\/piranhacut.eu\/en\/produkt\/otwornica-do-betonu-pod-puszki-arix-pro-82mm\/#primaryimage\"},\"image\":{\"@id\":\"https:\/\/piranhacut.eu\/en\/produkt\/otwornica-do-betonu-pod-puszki-arix-pro-82mm\/#primaryimage\"},\"thumbnailUrl\":\"https:\/\/piranhacut.eu\/wp-content\/uploads\/2023\/06\/arix-68.jpg\",\"datePublished\":\"2023-06-28T12:26:01+00:00\",\"dateModified\":\"2026-02-17T18:31:12+00:00\",\"description\":\"Profesjonalna korona z segmentami diamentowymi do wiercenia we wszystkich rodzajach mur\u00f3w. Idealnie sprawdza si\u0119 przy wierceniu otwor\u00f3w pod puszki elektryczne i wentylacje.\",\"breadcrumb\":{\"@id\":\"https:\/\/piranhacut.eu\/en\/produkt\/otwornica-do-betonu-pod-puszki-arix-pro-82mm\/#breadcrumb\"},\"inLanguage\":\"en-US\",\"potentialAction\":[{\"@type\":\"ReadAction\",\"target\":[\"https:\/\/piranhacut.eu\/en\/produkt\/otwornica-do-betonu-pod-puszki-arix-pro-82mm\/\"]}]},{\"@type\":\"ImageObject\",\"inLanguage\":\"en-US\",\"@id\":\"https:\/\/piranhacut.eu\/en\/produkt\/otwornica-do-betonu-pod-puszki-arix-pro-82mm\/#primaryimage\",\"url\":\"https:\/\/piranhacut.eu\/wp-content\/uploads\/2023\/06\/arix-68.jpg\",\"contentUrl\":\"https:\/\/piranhacut.eu\/wp-content\/uploads\/2023\/06\/arix-68.jpg\",\"width\":1920,\"height\":1920},{\"@type\":\"BreadcrumbList\",\"@id\":\"https:\/\/piranhacut.eu\/en\/produkt\/otwornica-do-betonu-pod-puszki-arix-pro-82mm\/#breadcrumb\",\"itemListElement\":[{\"@type\":\"ListItem\",\"position\":1,\"name\":\"Strona g\u0142\u00f3wna\",\"item\":\"https:\/\/piranhacut.eu\/en\/\"},{\"@type\":\"ListItem\",\"position\":2,\"name\":\"Shop\",\"item\":\"https:\/\/piranhacut.eu\/en\/shop\/\"},{\"@type\":\"ListItem\",\"position\":3,\"name\":\"Otwornica do betonu pod puszki ARIX PRO 82mm\"}]},{\"@type\":\"WebSite\",\"@id\":\"https:\/\/piranhacut.eu\/en\/#website\",\"url\":\"https:\/\/piranhacut.eu\/en\/\",\"name\":\"Piranhacut\",\"description\":\"Osprz\u0119t do elektronarz\u0119dzi\",\"publisher\":{\"@id\":\"https:\/\/piranhacut.eu\/en\/#organization\"},\"potentialAction\":[{\"@type\":\"SearchAction\",\"target\":{\"@type\":\"EntryPoint\",\"urlTemplate\":\"https:\/\/piranhacut.eu\/en\/?s={search_term_string}\"},\"query-input\":{\"@type\":\"PropertyValueSpecification\",\"valueRequired\":true,\"valueName\":\"search_term_string\"}}],\"inLanguage\":\"en-US\"},{\"@type\":\"Organization\",\"@id\":\"https:\/\/piranhacut.eu\/en\/#organization\",\"name\":\"Piranhacut\",\"url\":\"https:\/\/piranhacut.eu\/en\/\",\"logo\":{\"@type\":\"ImageObject\",\"inLanguage\":\"en-US\",\"@id\":\"https:\/\/piranhacut.eu\/en\/#\/schema\/logo\/image\/\",\"url\":\"https:\/\/piranhacut.eu\/wp-content\/uploads\/2021\/03\/logo.svg\",\"contentUrl\":\"https:\/\/piranhacut.eu\/wp-content\/uploads\/2021\/03\/logo.svg\",\"width\":317,\"height\":49,\"caption\":\"Piranhacut\"},\"image\":{\"@id\":\"https:\/\/piranhacut.eu\/en\/#\/schema\/logo\/image\/\"}}]}<\/script>\n<!-- \/ Yoast SEO plugin. -->","yoast_head_json":{"title":"Otwornica do betonu pod puszki ARIX PRO 82mm - Piranhacut","description":"Profesjonalna korona z segmentami diamentowymi do wiercenia we wszystkich rodzajach mur\u00f3w. Idealnie sprawdza si\u0119 przy wierceniu otwor\u00f3w pod puszki elektryczne i wentylacje.","robots":{"index":"index","follow":"follow","max-snippet":"max-snippet:-1","max-image-preview":"max-image-preview:large","max-video-preview":"max-video-preview:-1"},"canonical":"https:\/\/piranhacut.eu\/en\/produkt\/otwornica-do-betonu-pod-puszki-arix-pro-82mm\/","og_locale":"en_US","og_type":"article","og_title":"Otwornica do betonu pod puszki ARIX PRO 82mm - Piranhacut","og_description":"Profesjonalna korona z segmentami diamentowymi do wiercenia we wszystkich rodzajach mur\u00f3w. Idealnie sprawdza si\u0119 przy wierceniu otwor\u00f3w pod puszki elektryczne i wentylacje.","og_url":"https:\/\/piranhacut.eu\/en\/produkt\/otwornica-do-betonu-pod-puszki-arix-pro-82mm\/","og_site_name":"Piranhacut","article_modified_time":"2026-02-17T18:31:12+00:00","og_image":[{"width":1920,"height":1920,"url":"https:\/\/piranhacut.eu\/wp-content\/uploads\/2023\/06\/arix-68.jpg","type":"image\/jpeg"}],"twitter_card":"summary_large_image","twitter_misc":{"Est. reading time":"1 minute"},"schema":{"@context":"https:\/\/schema.org","@graph":[{"@type":"WebPage","@id":"https:\/\/piranhacut.eu\/en\/produkt\/otwornica-do-betonu-pod-puszki-arix-pro-82mm\/","url":"https:\/\/piranhacut.eu\/en\/produkt\/otwornica-do-betonu-pod-puszki-arix-pro-82mm\/","name":"Otwornica do betonu pod puszki ARIX PRO 82mm - Piranhacut","isPartOf":{"@id":"https:\/\/piranhacut.eu\/en\/#website"},"primaryImageOfPage":{"@id":"https:\/\/piranhacut.eu\/en\/produkt\/otwornica-do-betonu-pod-puszki-arix-pro-82mm\/#primaryimage"},"image":{"@id":"https:\/\/piranhacut.eu\/en\/produkt\/otwornica-do-betonu-pod-puszki-arix-pro-82mm\/#primaryimage"},"thumbnailUrl":"https:\/\/piranhacut.eu\/wp-content\/uploads\/2023\/06\/arix-68.jpg","datePublished":"2023-06-28T12:26:01+00:00","dateModified":"2026-02-17T18:31:12+00:00","description":"Profesjonalna korona z segmentami diamentowymi do wiercenia we wszystkich rodzajach mur\u00f3w. Idealnie sprawdza si\u0119 przy wierceniu otwor\u00f3w pod puszki elektryczne i wentylacje.","breadcrumb":{"@id":"https:\/\/piranhacut.eu\/en\/produkt\/otwornica-do-betonu-pod-puszki-arix-pro-82mm\/#breadcrumb"},"inLanguage":"en-US","potentialAction":[{"@type":"ReadAction","target":["https:\/\/piranhacut.eu\/en\/produkt\/otwornica-do-betonu-pod-puszki-arix-pro-82mm\/"]}]},{"@type":"ImageObject","inLanguage":"en-US","@id":"https:\/\/piranhacut.eu\/en\/produkt\/otwornica-do-betonu-pod-puszki-arix-pro-82mm\/#primaryimage","url":"https:\/\/piranhacut.eu\/wp-content\/uploads\/2023\/06\/arix-68.jpg","contentUrl":"https:\/\/piranhacut.eu\/wp-content\/uploads\/2023\/06\/arix-68.jpg","width":1920,"height":1920},{"@type":"BreadcrumbList","@id":"https:\/\/piranhacut.eu\/en\/produkt\/otwornica-do-betonu-pod-puszki-arix-pro-82mm\/#breadcrumb","itemListElement":[{"@type":"ListItem","position":1,"name":"Strona g\u0142\u00f3wna","item":"https:\/\/piranhacut.eu\/en\/"},{"@type":"ListItem","position":2,"name":"Shop","item":"https:\/\/piranhacut.eu\/en\/shop\/"},{"@type":"ListItem","position":3,"name":"Otwornica do betonu pod puszki ARIX PRO 82mm"}]},{"@type":"WebSite","@id":"https:\/\/piranhacut.eu\/en\/#website","url":"https:\/\/piranhacut.eu\/en\/","name":"Piranhacut","description":"Osprz\u0119t do elektronarz\u0119dzi","publisher":{"@id":"https:\/\/piranhacut.eu\/en\/#organization"},"potentialAction":[{"@type":"SearchAction","target":{"@type":"EntryPoint","urlTemplate":"https:\/\/piranhacut.eu\/en\/?s={search_term_string}"},"query-input":{"@type":"PropertyValueSpecification","valueRequired":true,"valueName":"search_term_string"}}],"inLanguage":"en-US"},{"@type":"Organization","@id":"https:\/\/piranhacut.eu\/en\/#organization","name":"Piranhacut","url":"https:\/\/piranhacut.eu\/en\/","logo":{"@type":"ImageObject","inLanguage":"en-US","@id":"https:\/\/piranhacut.eu\/en\/#\/schema\/logo\/image\/","url":"https:\/\/piranhacut.eu\/wp-content\/uploads\/2021\/03\/logo.svg","contentUrl":"https:\/\/piranhacut.eu\/wp-content\/uploads\/2021\/03\/logo.svg","width":317,"height":49,"caption":"Piranhacut"},"image":{"@id":"https:\/\/piranhacut.eu\/en\/#\/schema\/logo\/image\/"}}]}},"_links":{"self":[{"href":"https:\/\/piranhacut.eu\/en\/wp-json\/wp\/v2\/product\/3627","targetHints":{"allow":["GET"]}}],"collection":[{"href":"https:\/\/piranhacut.eu\/en\/wp-json\/wp\/v2\/product"}],"about":[{"href":"https:\/\/piranhacut.eu\/en\/wp-json\/wp\/v2\/types\/product"}],"replies":[{"embeddable":true,"href":"https:\/\/piranhacut.eu\/en\/wp-json\/wp\/v2\/comments?post=3627"}],"version-history":[{"count":2,"href":"https:\/\/piranhacut.eu\/en\/wp-json\/wp\/v2\/product\/3627\/revisions"}],"predecessor-version":[{"id":3628,"href":"https:\/\/piranhacut.eu\/en\/wp-json\/wp\/v2\/product\/3627\/revisions\/3628"}],"wp:featuredmedia":[{"embeddable":true,"href":"https:\/\/piranhacut.eu\/en\/wp-json\/wp\/v2\/media\/4272"}],"wp:attachment":[{"href":"https:\/\/piranhacut.eu\/en\/wp-json\/wp\/v2\/media?parent=3627"}],"wp:term":[{"taxonomy":"product_brand","embeddable":true,"href":"https:\/\/piranhacut.eu\/en\/wp-json\/wp\/v2\/product_brand?post=3627"},{"taxonomy":"product_cat","embeddable":true,"href":"https:\/\/piranhacut.eu\/en\/wp-json\/wp\/v2\/product_cat?post=3627"},{"taxonomy":"product_tag","embeddable":true,"href":"https:\/\/piranhacut.eu\/en\/wp-json\/wp\/v2\/product_tag?post=3627"}],"curies":[{"name":"wp","href":"https:\/\/api.w.org\/{rel}","templated":true}]}}