{"id":3976,"date":"2024-01-03T11:37:43","date_gmt":"2024-01-03T10:37:43","guid":{"rendered":"https:\/\/piranhacut.eu\/?post_type=product&#038;p=3976"},"modified":"2024-01-03T12:07:02","modified_gmt":"2024-01-03T11:07:02","slug":"otwornica-diamentowa-20mm-m14-frez-diamentowy-do-powiekszania-otworow-piranhacut","status":"publish","type":"product","link":"https:\/\/piranhacut.eu\/en\/produkt\/otwornica-diamentowa-20mm-m14-frez-diamentowy-do-powiekszania-otworow-piranhacut\/","title":{"rendered":"Otwornica diamentowa 20mm M14 \/ Frez diamentowy do powi\u0119kszania otwor\u00f3w PiranhaCut"},"content":{"rendered":"<h1>Profesjonalna otwornica diamentowa 2w1 &#8211; 20 mm PIRANHACUT COMBO M14<\/h1>\n<h1>Otwornica i frez diamentowy w jednym<\/h1>\n<h1>Charakterystyka produktu :<\/h1>\n<ul>\n<li>Agresywne i b\u0142yskawiczne wiercenie na sucho w najtwardszych p\u0142ytkach takich jak: gres szkliwiony, gres techniczny, porcelana, szkliwione p\u0142ytki, spieki kwarcowe, granit i ceramika itp.<\/li>\n<li>Otwornica diamentowa z dodatkowym nasypem bocznym<\/li>\n<li>Dzi\u0119ki otwornicy diamentowej combo\u00a0 w \u0142atwy spos\u00f3b dodatkowo obr\u0105bisz i powi\u0119kszysz otwory<\/li>\n<\/ul>\n<h2>Specyfikacja:<\/h2>\n<ul>\n<li><b>\u015arednica otwornicy: 20MM<\/b><\/li>\n<li><b>Uchwyt mocuj\u0105cy: M14 na szlifierk\u0119 k\u0105tow\u0105<\/b><\/li>\n<li><b>Zalecana pr\u0119dko\u015b\u0107 robocza od 12000<\/b><b>obr\/min.<\/b><\/li>\n<li><b>Nasyp boczny do rozwiercania<\/b><\/li>\n<li><b>Do pracy na sucho i mokro<\/b><\/li>\n<li><strong>Ilo\u015bc; 1 sztuka<\/strong><\/li>\n<\/ul>\n","protected":false},"excerpt":{"rendered":"<p>Profesjonalna otwornica diamentowa 2w1 &#8211; 20 mm PIRANHACUT COMBO M14 Otwornica i frez diamentowy w jednym Charakterystyka produktu : Agresywne i b\u0142yskawiczne wiercenie na sucho w najtwardszych p\u0142ytkach takich jak: gres szkliwiony, gres techniczny, porcelana, szkliwione p\u0142ytki, spieki kwarcowe, granit i ceramika itp. Otwornica diamentowa z dodatkowym nasypem bocznym Dzi\u0119ki otwornicy diamentowej combo\u00a0 w \u0142atwy [&hellip;]<\/p>\n","protected":false},"featured_media":3972,"comment_status":"open","ping_status":"closed","template":"","meta":{"_acf_changed":false},"product_brand":[],"product_cat":[524,30],"product_tag":[],"class_list":{"0":"post-3976","1":"product","2":"type-product","3":"status-publish","4":"has-post-thumbnail","6":"product_cat-diamentowe-frezy-otwornice-combo","7":"product_cat-frezowanie","9":"first","10":"instock","11":"taxable","12":"shipping-taxable","13":"purchasable","14":"product-type-simple"},"acf":[],"yoast_head":"<!-- This site is optimized with the Yoast SEO plugin v27.2 - https:\/\/yoast.com\/product\/yoast-seo-wordpress\/ -->\n<title>Piranhacut -<\/title>\n<meta name=\"robots\" content=\"index, follow, max-snippet:-1, max-image-preview:large, max-video-preview:-1\" \/>\n<link rel=\"canonical\" href=\"https:\/\/piranhacut.eu\/en\/produkt\/otwornica-diamentowa-20mm-m14-frez-diamentowy-do-powiekszania-otworow-piranhacut\/\" \/>\n<meta property=\"og:locale\" content=\"en_US\" \/>\n<meta property=\"og:type\" content=\"article\" \/>\n<meta property=\"og:title\" content=\"Piranhacut -\" \/>\n<meta property=\"og:description\" content=\"Profesjonalna otwornica diamentowa 2w1 &#8211; 20 mm PIRANHACUT COMBO M14 Otwornica i frez diamentowy w jednym Charakterystyka produktu : Agresywne i b\u0142yskawiczne wiercenie na sucho w najtwardszych p\u0142ytkach takich jak: gres szkliwiony, gres techniczny, porcelana, szkliwione p\u0142ytki, spieki kwarcowe, granit i ceramika itp. Otwornica diamentowa z dodatkowym nasypem bocznym Dzi\u0119ki otwornicy diamentowej combo\u00a0 w \u0142atwy [&hellip;]\" \/>\n<meta property=\"og:url\" content=\"https:\/\/piranhacut.eu\/en\/produkt\/otwornica-diamentowa-20mm-m14-frez-diamentowy-do-powiekszania-otworow-piranhacut\/\" \/>\n<meta property=\"og:site_name\" content=\"Piranhacut\" \/>\n<meta property=\"article:modified_time\" content=\"2024-01-03T11:07:02+00:00\" \/>\n<meta property=\"og:image\" content=\"https:\/\/piranhacut.eu\/wp-content\/uploads\/2024\/01\/3-1024x1024.png\" \/>\n\t<meta property=\"og:image:width\" content=\"1024\" \/>\n\t<meta property=\"og:image:height\" content=\"1024\" \/>\n\t<meta property=\"og:image:type\" content=\"image\/png\" \/>\n<meta name=\"twitter:card\" content=\"summary_large_image\" \/>\n<meta name=\"twitter:label1\" content=\"Est. reading time\" \/>\n\t<meta name=\"twitter:data1\" content=\"1 minute\" \/>\n<script type=\"application\/ld+json\" class=\"yoast-schema-graph\">{\"@context\":\"https:\/\/schema.org\",\"@graph\":[{\"@type\":\"WebPage\",\"@id\":\"https:\/\/piranhacut.eu\/en\/produkt\/otwornica-diamentowa-20mm-m14-frez-diamentowy-do-powiekszania-otworow-piranhacut\/\",\"url\":\"https:\/\/piranhacut.eu\/en\/produkt\/otwornica-diamentowa-20mm-m14-frez-diamentowy-do-powiekszania-otworow-piranhacut\/\",\"name\":\"Piranhacut -\",\"isPartOf\":{\"@id\":\"https:\/\/piranhacut.eu\/en\/#website\"},\"primaryImageOfPage\":{\"@id\":\"https:\/\/piranhacut.eu\/en\/produkt\/otwornica-diamentowa-20mm-m14-frez-diamentowy-do-powiekszania-otworow-piranhacut\/#primaryimage\"},\"image\":{\"@id\":\"https:\/\/piranhacut.eu\/en\/produkt\/otwornica-diamentowa-20mm-m14-frez-diamentowy-do-powiekszania-otworow-piranhacut\/#primaryimage\"},\"thumbnailUrl\":\"https:\/\/piranhacut.eu\/wp-content\/uploads\/2024\/01\/3.png\",\"datePublished\":\"2024-01-03T10:37:43+00:00\",\"dateModified\":\"2024-01-03T11:07:02+00:00\",\"breadcrumb\":{\"@id\":\"https:\/\/piranhacut.eu\/en\/produkt\/otwornica-diamentowa-20mm-m14-frez-diamentowy-do-powiekszania-otworow-piranhacut\/#breadcrumb\"},\"inLanguage\":\"en-US\",\"potentialAction\":[{\"@type\":\"ReadAction\",\"target\":[\"https:\/\/piranhacut.eu\/en\/produkt\/otwornica-diamentowa-20mm-m14-frez-diamentowy-do-powiekszania-otworow-piranhacut\/\"]}]},{\"@type\":\"ImageObject\",\"inLanguage\":\"en-US\",\"@id\":\"https:\/\/piranhacut.eu\/en\/produkt\/otwornica-diamentowa-20mm-m14-frez-diamentowy-do-powiekszania-otworow-piranhacut\/#primaryimage\",\"url\":\"https:\/\/piranhacut.eu\/wp-content\/uploads\/2024\/01\/3.png\",\"contentUrl\":\"https:\/\/piranhacut.eu\/wp-content\/uploads\/2024\/01\/3.png\",\"width\":2560,\"height\":2560},{\"@type\":\"BreadcrumbList\",\"@id\":\"https:\/\/piranhacut.eu\/en\/produkt\/otwornica-diamentowa-20mm-m14-frez-diamentowy-do-powiekszania-otworow-piranhacut\/#breadcrumb\",\"itemListElement\":[{\"@type\":\"ListItem\",\"position\":1,\"name\":\"Strona g\u0142\u00f3wna\",\"item\":\"https:\/\/piranhacut.eu\/en\/\"},{\"@type\":\"ListItem\",\"position\":2,\"name\":\"Shop\",\"item\":\"https:\/\/piranhacut.eu\/en\/shop\/\"},{\"@type\":\"ListItem\",\"position\":3,\"name\":\"Otwornica diamentowa 20mm M14 \/ Frez diamentowy do powi\u0119kszania otwor\u00f3w PiranhaCut\"}]},{\"@type\":\"WebSite\",\"@id\":\"https:\/\/piranhacut.eu\/en\/#website\",\"url\":\"https:\/\/piranhacut.eu\/en\/\",\"name\":\"Piranhacut\",\"description\":\"Osprz\u0119t do elektronarz\u0119dzi\",\"publisher\":{\"@id\":\"https:\/\/piranhacut.eu\/en\/#organization\"},\"potentialAction\":[{\"@type\":\"SearchAction\",\"target\":{\"@type\":\"EntryPoint\",\"urlTemplate\":\"https:\/\/piranhacut.eu\/en\/?s={search_term_string}\"},\"query-input\":{\"@type\":\"PropertyValueSpecification\",\"valueRequired\":true,\"valueName\":\"search_term_string\"}}],\"inLanguage\":\"en-US\"},{\"@type\":\"Organization\",\"@id\":\"https:\/\/piranhacut.eu\/en\/#organization\",\"name\":\"Piranhacut\",\"url\":\"https:\/\/piranhacut.eu\/en\/\",\"logo\":{\"@type\":\"ImageObject\",\"inLanguage\":\"en-US\",\"@id\":\"https:\/\/piranhacut.eu\/en\/#\/schema\/logo\/image\/\",\"url\":\"https:\/\/piranhacut.eu\/wp-content\/uploads\/2021\/03\/logo.svg\",\"contentUrl\":\"https:\/\/piranhacut.eu\/wp-content\/uploads\/2021\/03\/logo.svg\",\"width\":317,\"height\":49,\"caption\":\"Piranhacut\"},\"image\":{\"@id\":\"https:\/\/piranhacut.eu\/en\/#\/schema\/logo\/image\/\"}}]}<\/script>\n<!-- \/ Yoast SEO plugin. -->","yoast_head_json":{"title":"Piranhacut -","robots":{"index":"index","follow":"follow","max-snippet":"max-snippet:-1","max-image-preview":"max-image-preview:large","max-video-preview":"max-video-preview:-1"},"canonical":"https:\/\/piranhacut.eu\/en\/produkt\/otwornica-diamentowa-20mm-m14-frez-diamentowy-do-powiekszania-otworow-piranhacut\/","og_locale":"en_US","og_type":"article","og_title":"Piranhacut -","og_description":"Profesjonalna otwornica diamentowa 2w1 &#8211; 20 mm PIRANHACUT COMBO M14 Otwornica i frez diamentowy w jednym Charakterystyka produktu : Agresywne i b\u0142yskawiczne wiercenie na sucho w najtwardszych p\u0142ytkach takich jak: gres szkliwiony, gres techniczny, porcelana, szkliwione p\u0142ytki, spieki kwarcowe, granit i ceramika itp. Otwornica diamentowa z dodatkowym nasypem bocznym Dzi\u0119ki otwornicy diamentowej combo\u00a0 w \u0142atwy [&hellip;]","og_url":"https:\/\/piranhacut.eu\/en\/produkt\/otwornica-diamentowa-20mm-m14-frez-diamentowy-do-powiekszania-otworow-piranhacut\/","og_site_name":"Piranhacut","article_modified_time":"2024-01-03T11:07:02+00:00","og_image":[{"width":1024,"height":1024,"url":"https:\/\/piranhacut.eu\/wp-content\/uploads\/2024\/01\/3-1024x1024.png","type":"image\/png"}],"twitter_card":"summary_large_image","twitter_misc":{"Est. reading time":"1 minute"},"schema":{"@context":"https:\/\/schema.org","@graph":[{"@type":"WebPage","@id":"https:\/\/piranhacut.eu\/en\/produkt\/otwornica-diamentowa-20mm-m14-frez-diamentowy-do-powiekszania-otworow-piranhacut\/","url":"https:\/\/piranhacut.eu\/en\/produkt\/otwornica-diamentowa-20mm-m14-frez-diamentowy-do-powiekszania-otworow-piranhacut\/","name":"Piranhacut -","isPartOf":{"@id":"https:\/\/piranhacut.eu\/en\/#website"},"primaryImageOfPage":{"@id":"https:\/\/piranhacut.eu\/en\/produkt\/otwornica-diamentowa-20mm-m14-frez-diamentowy-do-powiekszania-otworow-piranhacut\/#primaryimage"},"image":{"@id":"https:\/\/piranhacut.eu\/en\/produkt\/otwornica-diamentowa-20mm-m14-frez-diamentowy-do-powiekszania-otworow-piranhacut\/#primaryimage"},"thumbnailUrl":"https:\/\/piranhacut.eu\/wp-content\/uploads\/2024\/01\/3.png","datePublished":"2024-01-03T10:37:43+00:00","dateModified":"2024-01-03T11:07:02+00:00","breadcrumb":{"@id":"https:\/\/piranhacut.eu\/en\/produkt\/otwornica-diamentowa-20mm-m14-frez-diamentowy-do-powiekszania-otworow-piranhacut\/#breadcrumb"},"inLanguage":"en-US","potentialAction":[{"@type":"ReadAction","target":["https:\/\/piranhacut.eu\/en\/produkt\/otwornica-diamentowa-20mm-m14-frez-diamentowy-do-powiekszania-otworow-piranhacut\/"]}]},{"@type":"ImageObject","inLanguage":"en-US","@id":"https:\/\/piranhacut.eu\/en\/produkt\/otwornica-diamentowa-20mm-m14-frez-diamentowy-do-powiekszania-otworow-piranhacut\/#primaryimage","url":"https:\/\/piranhacut.eu\/wp-content\/uploads\/2024\/01\/3.png","contentUrl":"https:\/\/piranhacut.eu\/wp-content\/uploads\/2024\/01\/3.png","width":2560,"height":2560},{"@type":"BreadcrumbList","@id":"https:\/\/piranhacut.eu\/en\/produkt\/otwornica-diamentowa-20mm-m14-frez-diamentowy-do-powiekszania-otworow-piranhacut\/#breadcrumb","itemListElement":[{"@type":"ListItem","position":1,"name":"Strona g\u0142\u00f3wna","item":"https:\/\/piranhacut.eu\/en\/"},{"@type":"ListItem","position":2,"name":"Shop","item":"https:\/\/piranhacut.eu\/en\/shop\/"},{"@type":"ListItem","position":3,"name":"Otwornica diamentowa 20mm M14 \/ Frez diamentowy do powi\u0119kszania otwor\u00f3w PiranhaCut"}]},{"@type":"WebSite","@id":"https:\/\/piranhacut.eu\/en\/#website","url":"https:\/\/piranhacut.eu\/en\/","name":"Piranhacut","description":"Osprz\u0119t do elektronarz\u0119dzi","publisher":{"@id":"https:\/\/piranhacut.eu\/en\/#organization"},"potentialAction":[{"@type":"SearchAction","target":{"@type":"EntryPoint","urlTemplate":"https:\/\/piranhacut.eu\/en\/?s={search_term_string}"},"query-input":{"@type":"PropertyValueSpecification","valueRequired":true,"valueName":"search_term_string"}}],"inLanguage":"en-US"},{"@type":"Organization","@id":"https:\/\/piranhacut.eu\/en\/#organization","name":"Piranhacut","url":"https:\/\/piranhacut.eu\/en\/","logo":{"@type":"ImageObject","inLanguage":"en-US","@id":"https:\/\/piranhacut.eu\/en\/#\/schema\/logo\/image\/","url":"https:\/\/piranhacut.eu\/wp-content\/uploads\/2021\/03\/logo.svg","contentUrl":"https:\/\/piranhacut.eu\/wp-content\/uploads\/2021\/03\/logo.svg","width":317,"height":49,"caption":"Piranhacut"},"image":{"@id":"https:\/\/piranhacut.eu\/en\/#\/schema\/logo\/image\/"}}]}},"_links":{"self":[{"href":"https:\/\/piranhacut.eu\/en\/wp-json\/wp\/v2\/product\/3976","targetHints":{"allow":["GET"]}}],"collection":[{"href":"https:\/\/piranhacut.eu\/en\/wp-json\/wp\/v2\/product"}],"about":[{"href":"https:\/\/piranhacut.eu\/en\/wp-json\/wp\/v2\/types\/product"}],"replies":[{"embeddable":true,"href":"https:\/\/piranhacut.eu\/en\/wp-json\/wp\/v2\/comments?post=3976"}],"version-history":[{"count":1,"href":"https:\/\/piranhacut.eu\/en\/wp-json\/wp\/v2\/product\/3976\/revisions"}],"predecessor-version":[{"id":3977,"href":"https:\/\/piranhacut.eu\/en\/wp-json\/wp\/v2\/product\/3976\/revisions\/3977"}],"wp:featuredmedia":[{"embeddable":true,"href":"https:\/\/piranhacut.eu\/en\/wp-json\/wp\/v2\/media\/3972"}],"wp:attachment":[{"href":"https:\/\/piranhacut.eu\/en\/wp-json\/wp\/v2\/media?parent=3976"}],"wp:term":[{"taxonomy":"product_brand","embeddable":true,"href":"https:\/\/piranhacut.eu\/en\/wp-json\/wp\/v2\/product_brand?post=3976"},{"taxonomy":"product_cat","embeddable":true,"href":"https:\/\/piranhacut.eu\/en\/wp-json\/wp\/v2\/product_cat?post=3976"},{"taxonomy":"product_tag","embeddable":true,"href":"https:\/\/piranhacut.eu\/en\/wp-json\/wp\/v2\/product_tag?post=3976"}],"curies":[{"name":"wp","href":"https:\/\/api.w.org\/{rel}","templated":true}]}}